{"id":20372,"date":"2025-09-26T10:05:44","date_gmt":"2025-09-26T08:05:44","guid":{"rendered":"https:\/\/skandiaahumados.es\/?post_type=product&#038;p=20372"},"modified":"2026-02-11T08:40:59","modified_gmt":"2026-02-11T07:40:59","slug":"smoked-salmon-with-orange-liqueur-80-g-skandia-smoked-salmon","status":"publish","type":"product","link":"https:\/\/skandiaahumados.es\/en\/product\/salmon-ahumado-al-licor-de-naranja-80-g-skandia-ahumados\/","title":{"rendered":"Smoked salmon with orange liqueur 80g"},"content":{"rendered":"<p>Let yourself be surprised by the smoothness of the best Skandia smoked salmon enhanced with a subtle touch of Cointreau\u00ae. A delicate fusion of smokiness and citrus notes that adds sophistication and turns every bite into a unique gastronomic experience.<\/p>","protected":false},"excerpt":{"rendered":"<p>Let yourself be surprised by the smoothness of the best Skandia smoked salmon enhanced with a subtle touch of Cointreau\u00ae. A delicate fusion of smokiness and citrus notes that adds sophistication and turns every bite into a unique gastronomic experience.<\/p>","protected":false},"featured_media":20373,"comment_status":"closed","ping_status":"closed","template":"","meta":{"_acf_changed":false,"inline_featured_image":false},"product_brand":[],"product_cat":[29],"product_tag":[44],"class_list":{"0":"post-20372","1":"product","2":"type-product","3":"status-publish","4":"has-post-thumbnail","6":"product_cat-salmon","7":"product_tag-origenes","9":"first","10":"instock","11":"taxable","12":"shipping-taxable","13":"purchasable","14":"product-type-simple"},"acf":[],"yoast_head":"<!-- This site is optimized with the Yoast SEO plugin v27.3 - https:\/\/yoast.com\/product\/yoast-seo-wordpress\/ -->\n<title>Salm\u00f3n ahumado al licor de naranja 80g - Skandia Ahumados<\/title>\n<meta name=\"description\" content=\"D\u00e9jate sorprender por la suavidad del salm\u00f3n ahumado al licor de naranja 80g y c\u00f3mo realzada su sabor con un toque sutil de c\u00edtricos. Una experiencia \u00fanica.\" \/>\n<meta name=\"robots\" content=\"index, follow, max-snippet:-1, max-image-preview:large, max-video-preview:-1\" \/>\n<link rel=\"canonical\" href=\"https:\/\/skandiaahumados.es\/en\/product\/smoked-salmon-with-orange-liqueur-80-g-skandia-smoked-salmon\/\" \/>\n<meta property=\"og:locale\" content=\"en_GB\" \/>\n<meta property=\"og:type\" content=\"article\" \/>\n<meta property=\"og:title\" content=\"Salm\u00f3n ahumado al licor de naranja 80g - Skandia Ahumados\" \/>\n<meta property=\"og:description\" content=\"D\u00e9jate sorprender por la suavidad del salm\u00f3n ahumado al licor de naranja 80g y c\u00f3mo realzada su sabor con un toque sutil de c\u00edtricos. Una experiencia \u00fanica.\" \/>\n<meta property=\"og:url\" content=\"https:\/\/skandiaahumados.es\/en\/product\/smoked-salmon-with-orange-liqueur-80-g-skandia-smoked-salmon\/\" \/>\n<meta property=\"og:site_name\" content=\"Skandia Ahumados\" \/>\n<meta property=\"article:modified_time\" content=\"2026-02-11T07:40:59+00:00\" \/>\n<meta property=\"og:image\" content=\"http:\/\/skandiaahumados.es\/wp-content\/uploads\/2025\/09\/00_Destacada_salmon-naranja-cabecera.png\" \/>\n\t<meta property=\"og:image:width\" content=\"775\" \/>\n\t<meta property=\"og:image:height\" content=\"577\" \/>\n\t<meta property=\"og:image:type\" content=\"image\/png\" \/>\n<meta name=\"twitter:card\" content=\"summary_large_image\" \/>\n<meta name=\"twitter:label1\" content=\"Estimated reading time\" \/>\n\t<meta name=\"twitter:data1\" content=\"1 minute\" \/>\n<script type=\"application\/ld+json\" class=\"yoast-schema-graph\">{\"@context\":\"https:\\\/\\\/schema.org\",\"@graph\":[{\"@type\":\"WebPage\",\"@id\":\"https:\\\/\\\/skandiaahumados.es\\\/product\\\/salmon-ahumado-al-licor-de-naranja-80-g-skandia-ahumados\\\/\",\"url\":\"https:\\\/\\\/skandiaahumados.es\\\/product\\\/salmon-ahumado-al-licor-de-naranja-80-g-skandia-ahumados\\\/\",\"name\":\"Salm\u00f3n ahumado al licor de naranja 80g - Skandia Ahumados\",\"isPartOf\":{\"@id\":\"https:\\\/\\\/skandiaahumados.es\\\/#website\"},\"primaryImageOfPage\":{\"@id\":\"https:\\\/\\\/skandiaahumados.es\\\/product\\\/salmon-ahumado-al-licor-de-naranja-80-g-skandia-ahumados\\\/#primaryimage\"},\"image\":{\"@id\":\"https:\\\/\\\/skandiaahumados.es\\\/product\\\/salmon-ahumado-al-licor-de-naranja-80-g-skandia-ahumados\\\/#primaryimage\"},\"thumbnailUrl\":\"https:\\\/\\\/skandiaahumados.es\\\/wp-content\\\/uploads\\\/2025\\\/09\\\/00_Destacada_salmon-naranja-cabecera.png\",\"datePublished\":\"2025-09-26T08:05:44+00:00\",\"dateModified\":\"2026-02-11T07:40:59+00:00\",\"description\":\"D\u00e9jate sorprender por la suavidad del salm\u00f3n ahumado al licor de naranja 80g y c\u00f3mo realzada su sabor con un toque sutil de c\u00edtricos. Una experiencia \u00fanica.\",\"breadcrumb\":{\"@id\":\"https:\\\/\\\/skandiaahumados.es\\\/product\\\/salmon-ahumado-al-licor-de-naranja-80-g-skandia-ahumados\\\/#breadcrumb\"},\"inLanguage\":\"en-GB\",\"potentialAction\":[{\"@type\":\"ReadAction\",\"target\":[\"https:\\\/\\\/skandiaahumados.es\\\/product\\\/salmon-ahumado-al-licor-de-naranja-80-g-skandia-ahumados\\\/\"]}]},{\"@type\":\"ImageObject\",\"inLanguage\":\"en-GB\",\"@id\":\"https:\\\/\\\/skandiaahumados.es\\\/product\\\/salmon-ahumado-al-licor-de-naranja-80-g-skandia-ahumados\\\/#primaryimage\",\"url\":\"https:\\\/\\\/skandiaahumados.es\\\/wp-content\\\/uploads\\\/2025\\\/09\\\/00_Destacada_salmon-naranja-cabecera.png\",\"contentUrl\":\"https:\\\/\\\/skandiaahumados.es\\\/wp-content\\\/uploads\\\/2025\\\/09\\\/00_Destacada_salmon-naranja-cabecera.png\",\"width\":775,\"height\":577},{\"@type\":\"BreadcrumbList\",\"@id\":\"https:\\\/\\\/skandiaahumados.es\\\/product\\\/salmon-ahumado-al-licor-de-naranja-80-g-skandia-ahumados\\\/#breadcrumb\",\"itemListElement\":[{\"@type\":\"ListItem\",\"position\":1,\"name\":\"Portada\",\"item\":\"https:\\\/\\\/skandiaahumados.es\\\/\"},{\"@type\":\"ListItem\",\"position\":2,\"name\":\"Productos\",\"item\":\"https:\\\/\\\/skandiaahumados.es\\\/tienda\\\/\"},{\"@type\":\"ListItem\",\"position\":3,\"name\":\"Salm\u00f3n ahumado al licor de naranja 80g\"}]},{\"@type\":\"WebSite\",\"@id\":\"https:\\\/\\\/skandiaahumados.es\\\/#website\",\"url\":\"https:\\\/\\\/skandiaahumados.es\\\/\",\"name\":\"Skandia Ahumados\",\"description\":\"Donde est\u00e1 el mejor salm\u00f3n\",\"potentialAction\":[{\"@type\":\"SearchAction\",\"target\":{\"@type\":\"EntryPoint\",\"urlTemplate\":\"https:\\\/\\\/skandiaahumados.es\\\/?s={search_term_string}\"},\"query-input\":{\"@type\":\"PropertyValueSpecification\",\"valueRequired\":true,\"valueName\":\"search_term_string\"}}],\"inLanguage\":\"en-GB\"}]}<\/script>\n<!-- \/ Yoast SEO plugin. -->","yoast_head_json":{"title":"Smoked salmon with orange liqueur 80g - Skandia Ahumados","description":"Let yourself be surprised by the smoothness of the smoked salmon with orange liqueur 80g and how its flavour is enhanced with a subtle touch of citrus. A unique experience.","robots":{"index":"index","follow":"follow","max-snippet":"max-snippet:-1","max-image-preview":"max-image-preview:large","max-video-preview":"max-video-preview:-1"},"canonical":"https:\/\/skandiaahumados.es\/en\/product\/smoked-salmon-with-orange-liqueur-80-g-skandia-smoked-salmon\/","og_locale":"en_GB","og_type":"article","og_title":"Salm\u00f3n ahumado al licor de naranja 80g - Skandia Ahumados","og_description":"D\u00e9jate sorprender por la suavidad del salm\u00f3n ahumado al licor de naranja 80g y c\u00f3mo realzada su sabor con un toque sutil de c\u00edtricos. Una experiencia \u00fanica.","og_url":"https:\/\/skandiaahumados.es\/en\/product\/smoked-salmon-with-orange-liqueur-80-g-skandia-smoked-salmon\/","og_site_name":"Skandia Ahumados","article_modified_time":"2026-02-11T07:40:59+00:00","og_image":[{"width":775,"height":577,"url":"http:\/\/skandiaahumados.es\/wp-content\/uploads\/2025\/09\/00_Destacada_salmon-naranja-cabecera.png","type":"image\/png"}],"twitter_card":"summary_large_image","twitter_misc":{"Estimated reading time":"1 minute"},"schema":{"@context":"https:\/\/schema.org","@graph":[{"@type":"WebPage","@id":"https:\/\/skandiaahumados.es\/product\/salmon-ahumado-al-licor-de-naranja-80-g-skandia-ahumados\/","url":"https:\/\/skandiaahumados.es\/product\/salmon-ahumado-al-licor-de-naranja-80-g-skandia-ahumados\/","name":"Smoked salmon with orange liqueur 80g - Skandia Ahumados","isPartOf":{"@id":"https:\/\/skandiaahumados.es\/#website"},"primaryImageOfPage":{"@id":"https:\/\/skandiaahumados.es\/product\/salmon-ahumado-al-licor-de-naranja-80-g-skandia-ahumados\/#primaryimage"},"image":{"@id":"https:\/\/skandiaahumados.es\/product\/salmon-ahumado-al-licor-de-naranja-80-g-skandia-ahumados\/#primaryimage"},"thumbnailUrl":"https:\/\/skandiaahumados.es\/wp-content\/uploads\/2025\/09\/00_Destacada_salmon-naranja-cabecera.png","datePublished":"2025-09-26T08:05:44+00:00","dateModified":"2026-02-11T07:40:59+00:00","description":"Let yourself be surprised by the smoothness of the smoked salmon with orange liqueur 80g and how its flavour is enhanced with a subtle touch of citrus. A unique experience.","breadcrumb":{"@id":"https:\/\/skandiaahumados.es\/product\/salmon-ahumado-al-licor-de-naranja-80-g-skandia-ahumados\/#breadcrumb"},"inLanguage":"en-GB","potentialAction":[{"@type":"ReadAction","target":["https:\/\/skandiaahumados.es\/product\/salmon-ahumado-al-licor-de-naranja-80-g-skandia-ahumados\/"]}]},{"@type":"ImageObject","inLanguage":"en-GB","@id":"https:\/\/skandiaahumados.es\/product\/salmon-ahumado-al-licor-de-naranja-80-g-skandia-ahumados\/#primaryimage","url":"https:\/\/skandiaahumados.es\/wp-content\/uploads\/2025\/09\/00_Destacada_salmon-naranja-cabecera.png","contentUrl":"https:\/\/skandiaahumados.es\/wp-content\/uploads\/2025\/09\/00_Destacada_salmon-naranja-cabecera.png","width":775,"height":577},{"@type":"BreadcrumbList","@id":"https:\/\/skandiaahumados.es\/product\/salmon-ahumado-al-licor-de-naranja-80-g-skandia-ahumados\/#breadcrumb","itemListElement":[{"@type":"ListItem","position":1,"name":"Portada","item":"https:\/\/skandiaahumados.es\/"},{"@type":"ListItem","position":2,"name":"Productos","item":"https:\/\/skandiaahumados.es\/tienda\/"},{"@type":"ListItem","position":3,"name":"Salm\u00f3n ahumado al licor de naranja 80g"}]},{"@type":"WebSite","@id":"https:\/\/skandiaahumados.es\/#website","url":"https:\/\/skandiaahumados.es\/","name":"Skandia Smoked","description":"Where the best salmon is","potentialAction":[{"@type":"SearchAction","target":{"@type":"EntryPoint","urlTemplate":"https:\/\/skandiaahumados.es\/?s={search_term_string}"},"query-input":{"@type":"PropertyValueSpecification","valueRequired":true,"valueName":"search_term_string"}}],"inLanguage":"en-GB"}]}},"_links":{"self":[{"href":"https:\/\/skandiaahumados.es\/en\/wp-json\/wp\/v2\/product\/20372","targetHints":{"allow":["GET"]}}],"collection":[{"href":"https:\/\/skandiaahumados.es\/en\/wp-json\/wp\/v2\/product"}],"about":[{"href":"https:\/\/skandiaahumados.es\/en\/wp-json\/wp\/v2\/types\/product"}],"replies":[{"embeddable":true,"href":"https:\/\/skandiaahumados.es\/en\/wp-json\/wp\/v2\/comments?post=20372"}],"wp:featuredmedia":[{"embeddable":true,"href":"https:\/\/skandiaahumados.es\/en\/wp-json\/wp\/v2\/media\/20373"}],"wp:attachment":[{"href":"https:\/\/skandiaahumados.es\/en\/wp-json\/wp\/v2\/media?parent=20372"}],"wp:term":[{"taxonomy":"product_brand","embeddable":true,"href":"https:\/\/skandiaahumados.es\/en\/wp-json\/wp\/v2\/product_brand?post=20372"},{"taxonomy":"product_cat","embeddable":true,"href":"https:\/\/skandiaahumados.es\/en\/wp-json\/wp\/v2\/product_cat?post=20372"},{"taxonomy":"product_tag","embeddable":true,"href":"https:\/\/skandiaahumados.es\/en\/wp-json\/wp\/v2\/product_tag?post=20372"}],"curies":[{"name":"wp","href":"https:\/\/api.w.org\/{rel}","templated":true}]}}