{"id":20260,"date":"2025-03-17T12:12:28","date_gmt":"2025-03-17T11:12:28","guid":{"rendered":"https:\/\/skandiaahumados.es\/?post_type=product&#038;p=20260"},"modified":"2026-02-17T11:21:18","modified_gmt":"2026-02-17T10:21:18","slug":"smoked-salmon-cubes-mini-100-g-skandia-smoked","status":"publish","type":"product","link":"https:\/\/skandiaahumados.es\/en\/product\/dados-salmon-ahumado-mini-100-g-skandia-ahumados\/","title":{"rendered":"Smoked Salmon cubes mini 100g"},"content":{"rendered":"<p class=\"p1\">Skandia smoked salmon cubes, made with fresh raw material and naturally smoked. Their cut in small cubes and their practical mini format make them ideal as a gourmet topping for pokes, salads, pastas or appetizers, adding flavour and versatility to any dish.<\/p>","protected":false},"excerpt":{"rendered":"<p>Skandia smoked salmon cubes, made with fresh raw material and naturally smoked. Their cut in small cubes and their practical mini format make them ideal as a gourmet topping for pokes, salads, pastas or appetizers, adding flavour and versatility to any dish.<\/p>","protected":false},"featured_media":20026,"comment_status":"open","ping_status":"closed","template":"","meta":{"_acf_changed":false,"inline_featured_image":false},"product_brand":[],"product_cat":[29],"product_tag":[],"class_list":{"0":"post-20260","1":"product","2":"type-product","3":"status-publish","4":"has-post-thumbnail","6":"product_cat-salmon","8":"first","9":"instock","10":"taxable","11":"shipping-taxable","12":"purchasable","13":"product-type-simple"},"acf":[],"yoast_head":"<!-- This site is optimized with the Yoast SEO plugin v27.3 - https:\/\/yoast.com\/product\/yoast-seo-wordpress\/ -->\n<title>Dados de Salm\u00f3n Ahumado mini 100g - Skandia Ahumados<\/title>\n<meta name=\"description\" content=\"Dados de salm\u00f3n ahumado Skandia en formato mini: pr\u00e1cticos, vers\u00e1tiles y perfectos para dar un toque gourmet a tus recetas.\" \/>\n<meta name=\"robots\" content=\"index, follow, max-snippet:-1, max-image-preview:large, max-video-preview:-1\" \/>\n<link rel=\"canonical\" href=\"https:\/\/skandiaahumados.es\/en\/product\/smoked-salmon-cubes-mini-100-g-skandia-smoked\/\" \/>\n<meta property=\"og:locale\" content=\"en_GB\" \/>\n<meta property=\"og:type\" content=\"article\" \/>\n<meta property=\"og:title\" content=\"Dados de Salm\u00f3n Ahumado mini 100g - Skandia Ahumados\" \/>\n<meta property=\"og:description\" content=\"Dados de salm\u00f3n ahumado Skandia en formato mini: pr\u00e1cticos, vers\u00e1tiles y perfectos para dar un toque gourmet a tus recetas.\" \/>\n<meta property=\"og:url\" content=\"https:\/\/skandiaahumados.es\/en\/product\/smoked-salmon-cubes-mini-100-g-skandia-smoked\/\" \/>\n<meta property=\"og:site_name\" content=\"Skandia Ahumados\" \/>\n<meta property=\"article:modified_time\" content=\"2026-02-17T10:21:18+00:00\" \/>\n<meta property=\"og:image\" content=\"http:\/\/skandiaahumados.es\/wp-content\/uploads\/2024\/09\/00_Destacada_Dados-salmon-ahumado-100g-cabecera.jpg\" \/>\n\t<meta property=\"og:image:width\" content=\"775\" \/>\n\t<meta property=\"og:image:height\" content=\"577\" \/>\n\t<meta property=\"og:image:type\" content=\"image\/jpeg\" \/>\n<meta name=\"twitter:card\" content=\"summary_large_image\" \/>\n<meta name=\"twitter:label1\" content=\"Estimated reading time\" \/>\n\t<meta name=\"twitter:data1\" content=\"1 minute\" \/>\n<script type=\"application\/ld+json\" class=\"yoast-schema-graph\">{\"@context\":\"https:\\\/\\\/schema.org\",\"@graph\":[{\"@type\":\"WebPage\",\"@id\":\"https:\\\/\\\/skandiaahumados.es\\\/product\\\/dados-salmon-ahumado-mini-100-g-skandia-ahumados\\\/\",\"url\":\"https:\\\/\\\/skandiaahumados.es\\\/product\\\/dados-salmon-ahumado-mini-100-g-skandia-ahumados\\\/\",\"name\":\"Dados de Salm\u00f3n Ahumado mini 100g - Skandia Ahumados\",\"isPartOf\":{\"@id\":\"https:\\\/\\\/skandiaahumados.es\\\/#website\"},\"primaryImageOfPage\":{\"@id\":\"https:\\\/\\\/skandiaahumados.es\\\/product\\\/dados-salmon-ahumado-mini-100-g-skandia-ahumados\\\/#primaryimage\"},\"image\":{\"@id\":\"https:\\\/\\\/skandiaahumados.es\\\/product\\\/dados-salmon-ahumado-mini-100-g-skandia-ahumados\\\/#primaryimage\"},\"thumbnailUrl\":\"https:\\\/\\\/skandiaahumados.es\\\/wp-content\\\/uploads\\\/2024\\\/09\\\/00_Destacada_Dados-salmon-ahumado-100g-cabecera.jpg\",\"datePublished\":\"2025-03-17T11:12:28+00:00\",\"dateModified\":\"2026-02-17T10:21:18+00:00\",\"description\":\"Dados de salm\u00f3n ahumado Skandia en formato mini: pr\u00e1cticos, vers\u00e1tiles y perfectos para dar un toque gourmet a tus recetas.\",\"breadcrumb\":{\"@id\":\"https:\\\/\\\/skandiaahumados.es\\\/product\\\/dados-salmon-ahumado-mini-100-g-skandia-ahumados\\\/#breadcrumb\"},\"inLanguage\":\"en-GB\",\"potentialAction\":[{\"@type\":\"ReadAction\",\"target\":[\"https:\\\/\\\/skandiaahumados.es\\\/product\\\/dados-salmon-ahumado-mini-100-g-skandia-ahumados\\\/\"]}]},{\"@type\":\"ImageObject\",\"inLanguage\":\"en-GB\",\"@id\":\"https:\\\/\\\/skandiaahumados.es\\\/product\\\/dados-salmon-ahumado-mini-100-g-skandia-ahumados\\\/#primaryimage\",\"url\":\"https:\\\/\\\/skandiaahumados.es\\\/wp-content\\\/uploads\\\/2024\\\/09\\\/00_Destacada_Dados-salmon-ahumado-100g-cabecera.jpg\",\"contentUrl\":\"https:\\\/\\\/skandiaahumados.es\\\/wp-content\\\/uploads\\\/2024\\\/09\\\/00_Destacada_Dados-salmon-ahumado-100g-cabecera.jpg\",\"width\":775,\"height\":577},{\"@type\":\"BreadcrumbList\",\"@id\":\"https:\\\/\\\/skandiaahumados.es\\\/product\\\/dados-salmon-ahumado-mini-100-g-skandia-ahumados\\\/#breadcrumb\",\"itemListElement\":[{\"@type\":\"ListItem\",\"position\":1,\"name\":\"Portada\",\"item\":\"https:\\\/\\\/skandiaahumados.es\\\/\"},{\"@type\":\"ListItem\",\"position\":2,\"name\":\"Productos\",\"item\":\"https:\\\/\\\/skandiaahumados.es\\\/tienda\\\/\"},{\"@type\":\"ListItem\",\"position\":3,\"name\":\"Dados de Salm\u00f3n Ahumado mini 100g\"}]},{\"@type\":\"WebSite\",\"@id\":\"https:\\\/\\\/skandiaahumados.es\\\/#website\",\"url\":\"https:\\\/\\\/skandiaahumados.es\\\/\",\"name\":\"Skandia Ahumados\",\"description\":\"Donde est\u00e1 el mejor salm\u00f3n\",\"potentialAction\":[{\"@type\":\"SearchAction\",\"target\":{\"@type\":\"EntryPoint\",\"urlTemplate\":\"https:\\\/\\\/skandiaahumados.es\\\/?s={search_term_string}\"},\"query-input\":{\"@type\":\"PropertyValueSpecification\",\"valueRequired\":true,\"valueName\":\"search_term_string\"}}],\"inLanguage\":\"en-GB\"}]}<\/script>\n<!-- \/ Yoast SEO plugin. -->","yoast_head_json":{"title":"Mini Smoked Salmon cubes 100g - Skandia Ahumados","description":"Skandia smoked salmon cubes in mini format: practical, versatile and perfect for adding a gourmet touch to your recipes.","robots":{"index":"index","follow":"follow","max-snippet":"max-snippet:-1","max-image-preview":"max-image-preview:large","max-video-preview":"max-video-preview:-1"},"canonical":"https:\/\/skandiaahumados.es\/en\/product\/smoked-salmon-cubes-mini-100-g-skandia-smoked\/","og_locale":"en_GB","og_type":"article","og_title":"Dados de Salm\u00f3n Ahumado mini 100g - Skandia Ahumados","og_description":"Dados de salm\u00f3n ahumado Skandia en formato mini: pr\u00e1cticos, vers\u00e1tiles y perfectos para dar un toque gourmet a tus recetas.","og_url":"https:\/\/skandiaahumados.es\/en\/product\/smoked-salmon-cubes-mini-100-g-skandia-smoked\/","og_site_name":"Skandia Ahumados","article_modified_time":"2026-02-17T10:21:18+00:00","og_image":[{"width":775,"height":577,"url":"http:\/\/skandiaahumados.es\/wp-content\/uploads\/2024\/09\/00_Destacada_Dados-salmon-ahumado-100g-cabecera.jpg","type":"image\/jpeg"}],"twitter_card":"summary_large_image","twitter_misc":{"Estimated reading time":"1 minute"},"schema":{"@context":"https:\/\/schema.org","@graph":[{"@type":"WebPage","@id":"https:\/\/skandiaahumados.es\/product\/dados-salmon-ahumado-mini-100-g-skandia-ahumados\/","url":"https:\/\/skandiaahumados.es\/product\/dados-salmon-ahumado-mini-100-g-skandia-ahumados\/","name":"Mini Smoked Salmon cubes 100g - Skandia Ahumados","isPartOf":{"@id":"https:\/\/skandiaahumados.es\/#website"},"primaryImageOfPage":{"@id":"https:\/\/skandiaahumados.es\/product\/dados-salmon-ahumado-mini-100-g-skandia-ahumados\/#primaryimage"},"image":{"@id":"https:\/\/skandiaahumados.es\/product\/dados-salmon-ahumado-mini-100-g-skandia-ahumados\/#primaryimage"},"thumbnailUrl":"https:\/\/skandiaahumados.es\/wp-content\/uploads\/2024\/09\/00_Destacada_Dados-salmon-ahumado-100g-cabecera.jpg","datePublished":"2025-03-17T11:12:28+00:00","dateModified":"2026-02-17T10:21:18+00:00","description":"Skandia smoked salmon cubes in mini format: practical, versatile and perfect for adding a gourmet touch to your recipes.","breadcrumb":{"@id":"https:\/\/skandiaahumados.es\/product\/dados-salmon-ahumado-mini-100-g-skandia-ahumados\/#breadcrumb"},"inLanguage":"en-GB","potentialAction":[{"@type":"ReadAction","target":["https:\/\/skandiaahumados.es\/product\/dados-salmon-ahumado-mini-100-g-skandia-ahumados\/"]}]},{"@type":"ImageObject","inLanguage":"en-GB","@id":"https:\/\/skandiaahumados.es\/product\/dados-salmon-ahumado-mini-100-g-skandia-ahumados\/#primaryimage","url":"https:\/\/skandiaahumados.es\/wp-content\/uploads\/2024\/09\/00_Destacada_Dados-salmon-ahumado-100g-cabecera.jpg","contentUrl":"https:\/\/skandiaahumados.es\/wp-content\/uploads\/2024\/09\/00_Destacada_Dados-salmon-ahumado-100g-cabecera.jpg","width":775,"height":577},{"@type":"BreadcrumbList","@id":"https:\/\/skandiaahumados.es\/product\/dados-salmon-ahumado-mini-100-g-skandia-ahumados\/#breadcrumb","itemListElement":[{"@type":"ListItem","position":1,"name":"Portada","item":"https:\/\/skandiaahumados.es\/"},{"@type":"ListItem","position":2,"name":"Productos","item":"https:\/\/skandiaahumados.es\/tienda\/"},{"@type":"ListItem","position":3,"name":"Dados de Salm\u00f3n Ahumado mini 100g"}]},{"@type":"WebSite","@id":"https:\/\/skandiaahumados.es\/#website","url":"https:\/\/skandiaahumados.es\/","name":"Skandia Smoked","description":"Where the best salmon is","potentialAction":[{"@type":"SearchAction","target":{"@type":"EntryPoint","urlTemplate":"https:\/\/skandiaahumados.es\/?s={search_term_string}"},"query-input":{"@type":"PropertyValueSpecification","valueRequired":true,"valueName":"search_term_string"}}],"inLanguage":"en-GB"}]}},"_links":{"self":[{"href":"https:\/\/skandiaahumados.es\/en\/wp-json\/wp\/v2\/product\/20260","targetHints":{"allow":["GET"]}}],"collection":[{"href":"https:\/\/skandiaahumados.es\/en\/wp-json\/wp\/v2\/product"}],"about":[{"href":"https:\/\/skandiaahumados.es\/en\/wp-json\/wp\/v2\/types\/product"}],"replies":[{"embeddable":true,"href":"https:\/\/skandiaahumados.es\/en\/wp-json\/wp\/v2\/comments?post=20260"}],"wp:featuredmedia":[{"embeddable":true,"href":"https:\/\/skandiaahumados.es\/en\/wp-json\/wp\/v2\/media\/20026"}],"wp:attachment":[{"href":"https:\/\/skandiaahumados.es\/en\/wp-json\/wp\/v2\/media?parent=20260"}],"wp:term":[{"taxonomy":"product_brand","embeddable":true,"href":"https:\/\/skandiaahumados.es\/en\/wp-json\/wp\/v2\/product_brand?post=20260"},{"taxonomy":"product_cat","embeddable":true,"href":"https:\/\/skandiaahumados.es\/en\/wp-json\/wp\/v2\/product_cat?post=20260"},{"taxonomy":"product_tag","embeddable":true,"href":"https:\/\/skandiaahumados.es\/en\/wp-json\/wp\/v2\/product_tag?post=20260"}],"curies":[{"name":"wp","href":"https:\/\/api.w.org\/{rel}","templated":true}]}}