{"id":19740,"date":"2024-10-15T10:32:50","date_gmt":"2024-10-15T08:32:50","guid":{"rendered":"https:\/\/skandiaahumados.es\/?post_type=product&#038;p=19740"},"modified":"2024-12-05T11:22:10","modified_gmt":"2024-12-05T10:22:10","slug":"pack-3-surprise-at-that-dinner-with-friends","status":"publish","type":"product","link":"https:\/\/skandiaahumados.es\/en\/product\/pack-3-sorprende-en-esa-cena-con-amigos\/","title":{"rendered":"Pack 3 - Surprise at that dinner with friends"},"content":{"rendered":"<p>Whether you are the host or the guest, we assure you that you will not leave anyone indifferent. A tasty selection of products with different cuts of smoked salmon ready to enjoy with the best company.<\/p>\n<p>You will find yourself in this box:<br \/>\n- 1 Norwegian mild smoked salmon 80g<br \/>\n- 1 Norwegian smoked salmon 100g<br \/>\n- 1 Carpaccio of mild smoked salmon 97 g<br \/>\n- 1 smoked salmon sashimi 100 g<br \/>\n- 1 smoked salmon tartar 140g<br \/>\n- 1 Skewered smoked salmon and cheese 80 g<br \/>\n- 1 Seaweed spherifications black colour 50 g<br \/>\n- 1 Mustard and dill sauce 200 g<\/p>","protected":false},"excerpt":{"rendered":"<p>Tanto si te toca ser anfitri\u00f3n como invitado, te aseguramos que no dejar\u00e1s indiferente a nadie. Una sabrosa selecci\u00f3n de productos con diferentes cortes de salm\u00f3n ahumado listos para disfrutar con la mejor compa\u00f1\u00eda. Te vas a encontrar en esta caja: \u2013 1 Salm\u00f3n noruego ahumado suave 80g \u2013 1 Salm\u00f3n noruego ahumado 100g \u2013 [&hellip;]<\/p>\n","protected":false},"featured_media":19742,"comment_status":"open","ping_status":"closed","template":"","meta":{"_acf_changed":false,"inline_featured_image":false},"product_brand":[],"product_cat":[35],"product_tag":[],"class_list":{"0":"post-19740","1":"product","2":"type-product","3":"status-publish","4":"has-post-thumbnail","6":"product_cat-packs","8":"first","9":"instock","10":"taxable","11":"shipping-taxable","12":"purchasable","13":"product-type-simple"},"acf":[],"yoast_head":"<!-- This site is optimized with the Yoast SEO plugin v27.3 - https:\/\/yoast.com\/product\/yoast-seo-wordpress\/ -->\n<title>Pack 3 - Sorprende en esa cena con amigos - Skandia Ahumados<\/title>\n<meta name=\"robots\" content=\"index, follow, max-snippet:-1, max-image-preview:large, max-video-preview:-1\" \/>\n<link rel=\"canonical\" href=\"https:\/\/skandiaahumados.es\/en\/product\/pack-3-surprise-at-that-dinner-with-friends\/\" \/>\n<meta property=\"og:locale\" content=\"en_GB\" \/>\n<meta property=\"og:type\" content=\"article\" \/>\n<meta property=\"og:title\" content=\"Pack 3 - Sorprende en esa cena con amigos - Skandia Ahumados\" \/>\n<meta property=\"og:description\" content=\"Tanto si te toca ser anfitri\u00f3n como invitado, te aseguramos que no dejar\u00e1s indiferente a nadie. Una sabrosa selecci\u00f3n de productos con diferentes cortes de salm\u00f3n ahumado listos para disfrutar con la mejor compa\u00f1\u00eda. Te vas a encontrar en esta caja: \u2013 1 Salm\u00f3n noruego ahumado suave 80g \u2013 1 Salm\u00f3n noruego ahumado 100g \u2013 [&hellip;]\" \/>\n<meta property=\"og:url\" content=\"https:\/\/skandiaahumados.es\/en\/product\/pack-3-surprise-at-that-dinner-with-friends\/\" \/>\n<meta property=\"og:site_name\" content=\"Skandia Ahumados\" \/>\n<meta property=\"article:modified_time\" content=\"2024-12-05T10:22:10+00:00\" \/>\n<meta property=\"og:image\" content=\"https:\/\/skandiaahumados.es\/wp-content\/uploads\/2024\/10\/00_Destacada_Pack-3-sorprende-cena.jpg\" \/>\n\t<meta property=\"og:image:width\" content=\"775\" \/>\n\t<meta property=\"og:image:height\" content=\"577\" \/>\n\t<meta property=\"og:image:type\" content=\"image\/jpeg\" \/>\n<meta name=\"twitter:card\" content=\"summary_large_image\" \/>\n<script type=\"application\/ld+json\" class=\"yoast-schema-graph\">{\"@context\":\"https:\\\/\\\/schema.org\",\"@graph\":[{\"@type\":\"WebPage\",\"@id\":\"https:\\\/\\\/skandiaahumados.es\\\/product\\\/pack-3-sorprende-en-esa-cena-con-amigos\\\/\",\"url\":\"https:\\\/\\\/skandiaahumados.es\\\/product\\\/pack-3-sorprende-en-esa-cena-con-amigos\\\/\",\"name\":\"Pack 3 - Sorprende en esa cena con amigos - Skandia Ahumados\",\"isPartOf\":{\"@id\":\"https:\\\/\\\/skandiaahumados.es\\\/#website\"},\"primaryImageOfPage\":{\"@id\":\"https:\\\/\\\/skandiaahumados.es\\\/product\\\/pack-3-sorprende-en-esa-cena-con-amigos\\\/#primaryimage\"},\"image\":{\"@id\":\"https:\\\/\\\/skandiaahumados.es\\\/product\\\/pack-3-sorprende-en-esa-cena-con-amigos\\\/#primaryimage\"},\"thumbnailUrl\":\"https:\\\/\\\/skandiaahumados.es\\\/wp-content\\\/uploads\\\/2024\\\/10\\\/00_Destacada_Pack-3-sorprende-cena.jpg\",\"datePublished\":\"2024-10-15T08:32:50+00:00\",\"dateModified\":\"2024-12-05T10:22:10+00:00\",\"breadcrumb\":{\"@id\":\"https:\\\/\\\/skandiaahumados.es\\\/product\\\/pack-3-sorprende-en-esa-cena-con-amigos\\\/#breadcrumb\"},\"inLanguage\":\"en-GB\",\"potentialAction\":[{\"@type\":\"ReadAction\",\"target\":[\"https:\\\/\\\/skandiaahumados.es\\\/product\\\/pack-3-sorprende-en-esa-cena-con-amigos\\\/\"]}]},{\"@type\":\"ImageObject\",\"inLanguage\":\"en-GB\",\"@id\":\"https:\\\/\\\/skandiaahumados.es\\\/product\\\/pack-3-sorprende-en-esa-cena-con-amigos\\\/#primaryimage\",\"url\":\"https:\\\/\\\/skandiaahumados.es\\\/wp-content\\\/uploads\\\/2024\\\/10\\\/00_Destacada_Pack-3-sorprende-cena.jpg\",\"contentUrl\":\"https:\\\/\\\/skandiaahumados.es\\\/wp-content\\\/uploads\\\/2024\\\/10\\\/00_Destacada_Pack-3-sorprende-cena.jpg\",\"width\":775,\"height\":577},{\"@type\":\"BreadcrumbList\",\"@id\":\"https:\\\/\\\/skandiaahumados.es\\\/product\\\/pack-3-sorprende-en-esa-cena-con-amigos\\\/#breadcrumb\",\"itemListElement\":[{\"@type\":\"ListItem\",\"position\":1,\"name\":\"Portada\",\"item\":\"https:\\\/\\\/skandiaahumados.es\\\/\"},{\"@type\":\"ListItem\",\"position\":2,\"name\":\"Productos\",\"item\":\"https:\\\/\\\/skandiaahumados.es\\\/tienda\\\/\"},{\"@type\":\"ListItem\",\"position\":3,\"name\":\"Pack 3 &#8211; Sorprende en esa cena con amigos\"}]},{\"@type\":\"WebSite\",\"@id\":\"https:\\\/\\\/skandiaahumados.es\\\/#website\",\"url\":\"https:\\\/\\\/skandiaahumados.es\\\/\",\"name\":\"Skandia Ahumados\",\"description\":\"Donde est\u00e1 el mejor salm\u00f3n\",\"potentialAction\":[{\"@type\":\"SearchAction\",\"target\":{\"@type\":\"EntryPoint\",\"urlTemplate\":\"https:\\\/\\\/skandiaahumados.es\\\/?s={search_term_string}\"},\"query-input\":{\"@type\":\"PropertyValueSpecification\",\"valueRequired\":true,\"valueName\":\"search_term_string\"}}],\"inLanguage\":\"en-GB\"}]}<\/script>\n<!-- \/ Yoast SEO plugin. -->","yoast_head_json":{"title":"Pack 3 - Surprise at that dinner with friends - Skandia Ahumados","robots":{"index":"index","follow":"follow","max-snippet":"max-snippet:-1","max-image-preview":"max-image-preview:large","max-video-preview":"max-video-preview:-1"},"canonical":"https:\/\/skandiaahumados.es\/en\/product\/pack-3-surprise-at-that-dinner-with-friends\/","og_locale":"en_GB","og_type":"article","og_title":"Pack 3 - Sorprende en esa cena con amigos - Skandia Ahumados","og_description":"Tanto si te toca ser anfitri\u00f3n como invitado, te aseguramos que no dejar\u00e1s indiferente a nadie. Una sabrosa selecci\u00f3n de productos con diferentes cortes de salm\u00f3n ahumado listos para disfrutar con la mejor compa\u00f1\u00eda. Te vas a encontrar en esta caja: \u2013 1 Salm\u00f3n noruego ahumado suave 80g \u2013 1 Salm\u00f3n noruego ahumado 100g \u2013 [&hellip;]","og_url":"https:\/\/skandiaahumados.es\/en\/product\/pack-3-surprise-at-that-dinner-with-friends\/","og_site_name":"Skandia Ahumados","article_modified_time":"2024-12-05T10:22:10+00:00","og_image":[{"width":775,"height":577,"url":"https:\/\/skandiaahumados.es\/wp-content\/uploads\/2024\/10\/00_Destacada_Pack-3-sorprende-cena.jpg","type":"image\/jpeg"}],"twitter_card":"summary_large_image","schema":{"@context":"https:\/\/schema.org","@graph":[{"@type":"WebPage","@id":"https:\/\/skandiaahumados.es\/product\/pack-3-sorprende-en-esa-cena-con-amigos\/","url":"https:\/\/skandiaahumados.es\/product\/pack-3-sorprende-en-esa-cena-con-amigos\/","name":"Pack 3 - Surprise at that dinner with friends - Skandia Ahumados","isPartOf":{"@id":"https:\/\/skandiaahumados.es\/#website"},"primaryImageOfPage":{"@id":"https:\/\/skandiaahumados.es\/product\/pack-3-sorprende-en-esa-cena-con-amigos\/#primaryimage"},"image":{"@id":"https:\/\/skandiaahumados.es\/product\/pack-3-sorprende-en-esa-cena-con-amigos\/#primaryimage"},"thumbnailUrl":"https:\/\/skandiaahumados.es\/wp-content\/uploads\/2024\/10\/00_Destacada_Pack-3-sorprende-cena.jpg","datePublished":"2024-10-15T08:32:50+00:00","dateModified":"2024-12-05T10:22:10+00:00","breadcrumb":{"@id":"https:\/\/skandiaahumados.es\/product\/pack-3-sorprende-en-esa-cena-con-amigos\/#breadcrumb"},"inLanguage":"en-GB","potentialAction":[{"@type":"ReadAction","target":["https:\/\/skandiaahumados.es\/product\/pack-3-sorprende-en-esa-cena-con-amigos\/"]}]},{"@type":"ImageObject","inLanguage":"en-GB","@id":"https:\/\/skandiaahumados.es\/product\/pack-3-sorprende-en-esa-cena-con-amigos\/#primaryimage","url":"https:\/\/skandiaahumados.es\/wp-content\/uploads\/2024\/10\/00_Destacada_Pack-3-sorprende-cena.jpg","contentUrl":"https:\/\/skandiaahumados.es\/wp-content\/uploads\/2024\/10\/00_Destacada_Pack-3-sorprende-cena.jpg","width":775,"height":577},{"@type":"BreadcrumbList","@id":"https:\/\/skandiaahumados.es\/product\/pack-3-sorprende-en-esa-cena-con-amigos\/#breadcrumb","itemListElement":[{"@type":"ListItem","position":1,"name":"Portada","item":"https:\/\/skandiaahumados.es\/"},{"@type":"ListItem","position":2,"name":"Productos","item":"https:\/\/skandiaahumados.es\/tienda\/"},{"@type":"ListItem","position":3,"name":"Pack 3 &#8211; Sorprende en esa cena con amigos"}]},{"@type":"WebSite","@id":"https:\/\/skandiaahumados.es\/#website","url":"https:\/\/skandiaahumados.es\/","name":"Skandia Smoked","description":"Where the best salmon is","potentialAction":[{"@type":"SearchAction","target":{"@type":"EntryPoint","urlTemplate":"https:\/\/skandiaahumados.es\/?s={search_term_string}"},"query-input":{"@type":"PropertyValueSpecification","valueRequired":true,"valueName":"search_term_string"}}],"inLanguage":"en-GB"}]}},"_links":{"self":[{"href":"https:\/\/skandiaahumados.es\/en\/wp-json\/wp\/v2\/product\/19740","targetHints":{"allow":["GET"]}}],"collection":[{"href":"https:\/\/skandiaahumados.es\/en\/wp-json\/wp\/v2\/product"}],"about":[{"href":"https:\/\/skandiaahumados.es\/en\/wp-json\/wp\/v2\/types\/product"}],"replies":[{"embeddable":true,"href":"https:\/\/skandiaahumados.es\/en\/wp-json\/wp\/v2\/comments?post=19740"}],"wp:featuredmedia":[{"embeddable":true,"href":"https:\/\/skandiaahumados.es\/en\/wp-json\/wp\/v2\/media\/19742"}],"wp:attachment":[{"href":"https:\/\/skandiaahumados.es\/en\/wp-json\/wp\/v2\/media?parent=19740"}],"wp:term":[{"taxonomy":"product_brand","embeddable":true,"href":"https:\/\/skandiaahumados.es\/en\/wp-json\/wp\/v2\/product_brand?post=19740"},{"taxonomy":"product_cat","embeddable":true,"href":"https:\/\/skandiaahumados.es\/en\/wp-json\/wp\/v2\/product_cat?post=19740"},{"taxonomy":"product_tag","embeddable":true,"href":"https:\/\/skandiaahumados.es\/en\/wp-json\/wp\/v2\/product_tag?post=19740"}],"curies":[{"name":"wp","href":"https:\/\/api.w.org\/{rel}","templated":true}]}}