{"id":19735,"date":"2024-10-15T09:15:48","date_gmt":"2024-10-15T07:15:48","guid":{"rendered":"https:\/\/skandiaahumados.es\/?post_type=product&#038;p=19735"},"modified":"2024-12-05T11:18:47","modified_gmt":"2024-12-05T10:18:47","slug":"19735","status":"publish","type":"product","link":"https:\/\/skandiaahumados.es\/en\/product\/19735\/","title":{"rendered":"Pack 2 - You take care of yourself and the planet"},"content":{"rendered":"<p>Enjoy this exquisite combination if, like us, you are concerned about your health and that of the environment.<\/p>\n<p>You will find yourself in this box:<\/p>\n<ul>\n<li>1 MSC Smoked sockeye salmon 80 g<\/li>\n<li>1 Norwegian smoked salmon ASC 80 g<\/li>\n<li>1 organic smoked salmon 80 g<\/li>\n<li>1 Norwegian smoked salmon minus 30% salt 80 g<\/li>\n<li>1 Seaweed spherifications black colour 50 g<\/li>\n<li>1 Jar mustard and dill sauce 200 g<\/li>\n<\/ul>","protected":false},"excerpt":{"rendered":"<p>Disfruta de esta exquisita combinaci\u00f3n si como nosotros, eres de los que se preocupa por su salud y por la del medio ambiente. Te vas a encontrar en esta caja: 1 Salm\u00f3n rojo ahumado MSC 80 g 1 Salm\u00f3n noruego ahumado ASC 80 g 1 Salm\u00f3n ahumado BIO 80 g 1 Salm\u00f3n noruego ahumado menos [&hellip;]<\/p>\n","protected":false},"featured_media":19739,"comment_status":"open","ping_status":"closed","template":"","meta":{"_acf_changed":false,"inline_featured_image":false},"product_brand":[],"product_cat":[35],"product_tag":[],"class_list":{"0":"post-19735","1":"product","2":"type-product","3":"status-publish","4":"has-post-thumbnail","6":"product_cat-packs","8":"first","9":"instock","10":"taxable","11":"shipping-taxable","12":"purchasable","13":"product-type-simple"},"acf":[],"yoast_head":"<!-- This site is optimized with the Yoast SEO plugin v27.3 - https:\/\/yoast.com\/product\/yoast-seo-wordpress\/ -->\n<title>Pack 2 - Te cuidas a ti y al planeta - Skandia Ahumados<\/title>\n<meta name=\"robots\" content=\"index, follow, max-snippet:-1, max-image-preview:large, max-video-preview:-1\" \/>\n<link rel=\"canonical\" href=\"https:\/\/skandiaahumados.es\/en\/product\/19735\/\" \/>\n<meta property=\"og:locale\" content=\"en_GB\" \/>\n<meta property=\"og:type\" content=\"article\" \/>\n<meta property=\"og:title\" content=\"Pack 2 - Te cuidas a ti y al planeta - Skandia Ahumados\" \/>\n<meta property=\"og:description\" content=\"Disfruta de esta exquisita combinaci\u00f3n si como nosotros, eres de los que se preocupa por su salud y por la del medio ambiente. Te vas a encontrar en esta caja: 1 Salm\u00f3n rojo ahumado MSC 80 g 1 Salm\u00f3n noruego ahumado ASC 80 g 1 Salm\u00f3n ahumado BIO 80 g 1 Salm\u00f3n noruego ahumado menos [&hellip;]\" \/>\n<meta property=\"og:url\" content=\"https:\/\/skandiaahumados.es\/en\/product\/19735\/\" \/>\n<meta property=\"og:site_name\" content=\"Skandia Ahumados\" \/>\n<meta property=\"article:modified_time\" content=\"2024-12-05T10:18:47+00:00\" \/>\n<meta property=\"og:image\" content=\"https:\/\/skandiaahumados.es\/wp-content\/uploads\/2024\/10\/00_Destacada_Pack-2-cuidar-planeta-2.jpg\" \/>\n\t<meta property=\"og:image:width\" content=\"775\" \/>\n\t<meta property=\"og:image:height\" content=\"577\" \/>\n\t<meta property=\"og:image:type\" content=\"image\/jpeg\" \/>\n<meta name=\"twitter:card\" content=\"summary_large_image\" \/>\n<script type=\"application\/ld+json\" class=\"yoast-schema-graph\">{\"@context\":\"https:\\\/\\\/schema.org\",\"@graph\":[{\"@type\":\"WebPage\",\"@id\":\"https:\\\/\\\/skandiaahumados.es\\\/product\\\/19735\\\/\",\"url\":\"https:\\\/\\\/skandiaahumados.es\\\/product\\\/19735\\\/\",\"name\":\"Pack 2 - Te cuidas a ti y al planeta - Skandia Ahumados\",\"isPartOf\":{\"@id\":\"https:\\\/\\\/skandiaahumados.es\\\/#website\"},\"primaryImageOfPage\":{\"@id\":\"https:\\\/\\\/skandiaahumados.es\\\/product\\\/19735\\\/#primaryimage\"},\"image\":{\"@id\":\"https:\\\/\\\/skandiaahumados.es\\\/product\\\/19735\\\/#primaryimage\"},\"thumbnailUrl\":\"https:\\\/\\\/skandiaahumados.es\\\/wp-content\\\/uploads\\\/2024\\\/10\\\/00_Destacada_Pack-2-cuidar-planeta-2.jpg\",\"datePublished\":\"2024-10-15T07:15:48+00:00\",\"dateModified\":\"2024-12-05T10:18:47+00:00\",\"breadcrumb\":{\"@id\":\"https:\\\/\\\/skandiaahumados.es\\\/product\\\/19735\\\/#breadcrumb\"},\"inLanguage\":\"en-GB\",\"potentialAction\":[{\"@type\":\"ReadAction\",\"target\":[\"https:\\\/\\\/skandiaahumados.es\\\/product\\\/19735\\\/\"]}]},{\"@type\":\"ImageObject\",\"inLanguage\":\"en-GB\",\"@id\":\"https:\\\/\\\/skandiaahumados.es\\\/product\\\/19735\\\/#primaryimage\",\"url\":\"https:\\\/\\\/skandiaahumados.es\\\/wp-content\\\/uploads\\\/2024\\\/10\\\/00_Destacada_Pack-2-cuidar-planeta-2.jpg\",\"contentUrl\":\"https:\\\/\\\/skandiaahumados.es\\\/wp-content\\\/uploads\\\/2024\\\/10\\\/00_Destacada_Pack-2-cuidar-planeta-2.jpg\",\"width\":775,\"height\":577},{\"@type\":\"BreadcrumbList\",\"@id\":\"https:\\\/\\\/skandiaahumados.es\\\/product\\\/19735\\\/#breadcrumb\",\"itemListElement\":[{\"@type\":\"ListItem\",\"position\":1,\"name\":\"Portada\",\"item\":\"https:\\\/\\\/skandiaahumados.es\\\/\"},{\"@type\":\"ListItem\",\"position\":2,\"name\":\"Productos\",\"item\":\"https:\\\/\\\/skandiaahumados.es\\\/tienda\\\/\"},{\"@type\":\"ListItem\",\"position\":3,\"name\":\"Pack 2 &#8211; Te cuidas a ti y al planeta\"}]},{\"@type\":\"WebSite\",\"@id\":\"https:\\\/\\\/skandiaahumados.es\\\/#website\",\"url\":\"https:\\\/\\\/skandiaahumados.es\\\/\",\"name\":\"Skandia Ahumados\",\"description\":\"Donde est\u00e1 el mejor salm\u00f3n\",\"potentialAction\":[{\"@type\":\"SearchAction\",\"target\":{\"@type\":\"EntryPoint\",\"urlTemplate\":\"https:\\\/\\\/skandiaahumados.es\\\/?s={search_term_string}\"},\"query-input\":{\"@type\":\"PropertyValueSpecification\",\"valueRequired\":true,\"valueName\":\"search_term_string\"}}],\"inLanguage\":\"en-GB\"}]}<\/script>\n<!-- \/ Yoast SEO plugin. -->","yoast_head_json":{"title":"Pack 2 - You take care of yourself and the planet - Skandia Smoked Products","robots":{"index":"index","follow":"follow","max-snippet":"max-snippet:-1","max-image-preview":"max-image-preview:large","max-video-preview":"max-video-preview:-1"},"canonical":"https:\/\/skandiaahumados.es\/en\/product\/19735\/","og_locale":"en_GB","og_type":"article","og_title":"Pack 2 - Te cuidas a ti y al planeta - Skandia Ahumados","og_description":"Disfruta de esta exquisita combinaci\u00f3n si como nosotros, eres de los que se preocupa por su salud y por la del medio ambiente. Te vas a encontrar en esta caja: 1 Salm\u00f3n rojo ahumado MSC 80 g 1 Salm\u00f3n noruego ahumado ASC 80 g 1 Salm\u00f3n ahumado BIO 80 g 1 Salm\u00f3n noruego ahumado menos [&hellip;]","og_url":"https:\/\/skandiaahumados.es\/en\/product\/19735\/","og_site_name":"Skandia Ahumados","article_modified_time":"2024-12-05T10:18:47+00:00","og_image":[{"width":775,"height":577,"url":"https:\/\/skandiaahumados.es\/wp-content\/uploads\/2024\/10\/00_Destacada_Pack-2-cuidar-planeta-2.jpg","type":"image\/jpeg"}],"twitter_card":"summary_large_image","schema":{"@context":"https:\/\/schema.org","@graph":[{"@type":"WebPage","@id":"https:\/\/skandiaahumados.es\/product\/19735\/","url":"https:\/\/skandiaahumados.es\/product\/19735\/","name":"Pack 2 - You take care of yourself and the planet - Skandia Smoked Products","isPartOf":{"@id":"https:\/\/skandiaahumados.es\/#website"},"primaryImageOfPage":{"@id":"https:\/\/skandiaahumados.es\/product\/19735\/#primaryimage"},"image":{"@id":"https:\/\/skandiaahumados.es\/product\/19735\/#primaryimage"},"thumbnailUrl":"https:\/\/skandiaahumados.es\/wp-content\/uploads\/2024\/10\/00_Destacada_Pack-2-cuidar-planeta-2.jpg","datePublished":"2024-10-15T07:15:48+00:00","dateModified":"2024-12-05T10:18:47+00:00","breadcrumb":{"@id":"https:\/\/skandiaahumados.es\/product\/19735\/#breadcrumb"},"inLanguage":"en-GB","potentialAction":[{"@type":"ReadAction","target":["https:\/\/skandiaahumados.es\/product\/19735\/"]}]},{"@type":"ImageObject","inLanguage":"en-GB","@id":"https:\/\/skandiaahumados.es\/product\/19735\/#primaryimage","url":"https:\/\/skandiaahumados.es\/wp-content\/uploads\/2024\/10\/00_Destacada_Pack-2-cuidar-planeta-2.jpg","contentUrl":"https:\/\/skandiaahumados.es\/wp-content\/uploads\/2024\/10\/00_Destacada_Pack-2-cuidar-planeta-2.jpg","width":775,"height":577},{"@type":"BreadcrumbList","@id":"https:\/\/skandiaahumados.es\/product\/19735\/#breadcrumb","itemListElement":[{"@type":"ListItem","position":1,"name":"Portada","item":"https:\/\/skandiaahumados.es\/"},{"@type":"ListItem","position":2,"name":"Productos","item":"https:\/\/skandiaahumados.es\/tienda\/"},{"@type":"ListItem","position":3,"name":"Pack 2 &#8211; Te cuidas a ti y al planeta"}]},{"@type":"WebSite","@id":"https:\/\/skandiaahumados.es\/#website","url":"https:\/\/skandiaahumados.es\/","name":"Skandia Smoked","description":"Where the best salmon is","potentialAction":[{"@type":"SearchAction","target":{"@type":"EntryPoint","urlTemplate":"https:\/\/skandiaahumados.es\/?s={search_term_string}"},"query-input":{"@type":"PropertyValueSpecification","valueRequired":true,"valueName":"search_term_string"}}],"inLanguage":"en-GB"}]}},"_links":{"self":[{"href":"https:\/\/skandiaahumados.es\/en\/wp-json\/wp\/v2\/product\/19735","targetHints":{"allow":["GET"]}}],"collection":[{"href":"https:\/\/skandiaahumados.es\/en\/wp-json\/wp\/v2\/product"}],"about":[{"href":"https:\/\/skandiaahumados.es\/en\/wp-json\/wp\/v2\/types\/product"}],"replies":[{"embeddable":true,"href":"https:\/\/skandiaahumados.es\/en\/wp-json\/wp\/v2\/comments?post=19735"}],"wp:featuredmedia":[{"embeddable":true,"href":"https:\/\/skandiaahumados.es\/en\/wp-json\/wp\/v2\/media\/19739"}],"wp:attachment":[{"href":"https:\/\/skandiaahumados.es\/en\/wp-json\/wp\/v2\/media?parent=19735"}],"wp:term":[{"taxonomy":"product_brand","embeddable":true,"href":"https:\/\/skandiaahumados.es\/en\/wp-json\/wp\/v2\/product_brand?post=19735"},{"taxonomy":"product_cat","embeddable":true,"href":"https:\/\/skandiaahumados.es\/en\/wp-json\/wp\/v2\/product_cat?post=19735"},{"taxonomy":"product_tag","embeddable":true,"href":"https:\/\/skandiaahumados.es\/en\/wp-json\/wp\/v2\/product_tag?post=19735"}],"curies":[{"name":"wp","href":"https:\/\/api.w.org\/{rel}","templated":true}]}}