{"id":18939,"date":"2024-09-17T09:55:58","date_gmt":"2024-09-17T07:55:58","guid":{"rendered":"https:\/\/skandiaahumados.es\/?post_type=product&#038;p=18939"},"modified":"2026-02-11T09:49:57","modified_gmt":"2026-02-11T08:49:57","slug":"norwegian-salmon-unsmoked-pure-asc-80-g-skandia-smoked","status":"publish","type":"product","link":"https:\/\/skandiaahumados.es\/en\/product\/salmon-noruego-sin-ahumar-pure-asc-80-g-skandia-ahumados\/","title":{"rendered":"Pure Unsmoked Norwegian Salmon ASC 80g"},"content":{"rendered":"<p>An alternative for those who prefer to feel the taste of salmon in all its splendour. This unsmoked version has a more sophisticated flavour because instead of being smoked it is processed by curing and drying, a key aspect to gain strength and softness. If you are a salmon lover, don't resist trying it. Create different starters and canap\u00e9s with its spectacular flavour, add it to your salads or combine it to accompany a good appetizer. Make it your great cooking companion.<\/p>","protected":false},"excerpt":{"rendered":"<p>Alternativa para quienes prefieren sentir el sabor del salm\u00f3n en todo su esplendor. Esta versi\u00f3n sin ahumar posee un sabor m\u00e1s sofisticado porque en lugar de ser ahumado se procesa mediante curaci\u00f3n y secado, aspecto clave para ganar fuerza y suavidad. Si eres un amante del salm\u00f3n no te resistas a probarlo. Crea entrantes y [&hellip;]<\/p>\n","protected":false},"featured_media":19981,"comment_status":"closed","ping_status":"closed","template":"","meta":{"_acf_changed":false,"inline_featured_image":false},"product_brand":[],"product_cat":[29],"product_tag":[],"class_list":{"0":"post-18939","1":"product","2":"type-product","3":"status-publish","4":"has-post-thumbnail","6":"product_cat-salmon","8":"first","9":"instock","10":"taxable","11":"shipping-taxable","12":"purchasable","13":"product-type-simple"},"acf":[],"yoast_head":"<!-- This site is optimized with the Yoast SEO plugin v27.3 - https:\/\/yoast.com\/product\/yoast-seo-wordpress\/ -->\n<title>Salm\u00f3n Noruego Sin Ahumar Pure ASC 80g - Skandia Ahumados<\/title>\n<meta name=\"description\" content=\"Salm\u00f3n noruego sin ahumar Pure ASC 80g, para quienes prefieren sentir el sabor del salm\u00f3n en todo su esplendor. Un sabor m\u00e1s sofisticado. Compra ahora\" \/>\n<meta name=\"robots\" content=\"index, follow, max-snippet:-1, max-image-preview:large, max-video-preview:-1\" \/>\n<link rel=\"canonical\" href=\"https:\/\/skandiaahumados.es\/en\/product\/norwegian-salmon-unsmoked-pure-asc-80-g-skandia-smoked\/\" \/>\n<meta property=\"og:locale\" content=\"en_GB\" \/>\n<meta property=\"og:type\" content=\"article\" \/>\n<meta property=\"og:title\" content=\"Salm\u00f3n Noruego Sin Ahumar Pure ASC 80g - Skandia Ahumados\" \/>\n<meta property=\"og:description\" content=\"Salm\u00f3n noruego sin ahumar Pure ASC 80g, para quienes prefieren sentir el sabor del salm\u00f3n en todo su esplendor. Un sabor m\u00e1s sofisticado. Compra ahora\" \/>\n<meta property=\"og:url\" content=\"https:\/\/skandiaahumados.es\/en\/product\/norwegian-salmon-unsmoked-pure-asc-80-g-skandia-smoked\/\" \/>\n<meta property=\"og:site_name\" content=\"Skandia Ahumados\" \/>\n<meta property=\"article:modified_time\" content=\"2026-02-11T08:49:57+00:00\" \/>\n<meta property=\"og:image\" content=\"http:\/\/skandiaahumados.es\/wp-content\/uploads\/2024\/09\/00_Skandia-destacada-Salmon-ahumado-100g-cabecera-4.jpg\" \/>\n\t<meta property=\"og:image:width\" content=\"775\" \/>\n\t<meta property=\"og:image:height\" content=\"577\" \/>\n\t<meta property=\"og:image:type\" content=\"image\/jpeg\" \/>\n<meta name=\"twitter:card\" content=\"summary_large_image\" \/>\n<meta name=\"twitter:label1\" content=\"Estimated reading time\" \/>\n\t<meta name=\"twitter:data1\" content=\"1 minute\" \/>\n<script type=\"application\/ld+json\" class=\"yoast-schema-graph\">{\"@context\":\"https:\\\/\\\/schema.org\",\"@graph\":[{\"@type\":\"WebPage\",\"@id\":\"https:\\\/\\\/skandiaahumados.es\\\/product\\\/salmon-noruego-sin-ahumar-pure-asc-80-g-skandia-ahumados\\\/\",\"url\":\"https:\\\/\\\/skandiaahumados.es\\\/product\\\/salmon-noruego-sin-ahumar-pure-asc-80-g-skandia-ahumados\\\/\",\"name\":\"Salm\u00f3n Noruego Sin Ahumar Pure ASC 80g - Skandia Ahumados\",\"isPartOf\":{\"@id\":\"https:\\\/\\\/skandiaahumados.es\\\/#website\"},\"primaryImageOfPage\":{\"@id\":\"https:\\\/\\\/skandiaahumados.es\\\/product\\\/salmon-noruego-sin-ahumar-pure-asc-80-g-skandia-ahumados\\\/#primaryimage\"},\"image\":{\"@id\":\"https:\\\/\\\/skandiaahumados.es\\\/product\\\/salmon-noruego-sin-ahumar-pure-asc-80-g-skandia-ahumados\\\/#primaryimage\"},\"thumbnailUrl\":\"https:\\\/\\\/skandiaahumados.es\\\/wp-content\\\/uploads\\\/2024\\\/09\\\/00_Skandia-destacada-Salmon-ahumado-100g-cabecera-4.jpg\",\"datePublished\":\"2024-09-17T07:55:58+00:00\",\"dateModified\":\"2026-02-11T08:49:57+00:00\",\"description\":\"Salm\u00f3n noruego sin ahumar Pure ASC 80g, para quienes prefieren sentir el sabor del salm\u00f3n en todo su esplendor. Un sabor m\u00e1s sofisticado. Compra ahora\",\"breadcrumb\":{\"@id\":\"https:\\\/\\\/skandiaahumados.es\\\/product\\\/salmon-noruego-sin-ahumar-pure-asc-80-g-skandia-ahumados\\\/#breadcrumb\"},\"inLanguage\":\"en-GB\",\"potentialAction\":[{\"@type\":\"ReadAction\",\"target\":[\"https:\\\/\\\/skandiaahumados.es\\\/product\\\/salmon-noruego-sin-ahumar-pure-asc-80-g-skandia-ahumados\\\/\"]}]},{\"@type\":\"ImageObject\",\"inLanguage\":\"en-GB\",\"@id\":\"https:\\\/\\\/skandiaahumados.es\\\/product\\\/salmon-noruego-sin-ahumar-pure-asc-80-g-skandia-ahumados\\\/#primaryimage\",\"url\":\"https:\\\/\\\/skandiaahumados.es\\\/wp-content\\\/uploads\\\/2024\\\/09\\\/00_Skandia-destacada-Salmon-ahumado-100g-cabecera-4.jpg\",\"contentUrl\":\"https:\\\/\\\/skandiaahumados.es\\\/wp-content\\\/uploads\\\/2024\\\/09\\\/00_Skandia-destacada-Salmon-ahumado-100g-cabecera-4.jpg\",\"width\":775,\"height\":577},{\"@type\":\"BreadcrumbList\",\"@id\":\"https:\\\/\\\/skandiaahumados.es\\\/product\\\/salmon-noruego-sin-ahumar-pure-asc-80-g-skandia-ahumados\\\/#breadcrumb\",\"itemListElement\":[{\"@type\":\"ListItem\",\"position\":1,\"name\":\"Portada\",\"item\":\"https:\\\/\\\/skandiaahumados.es\\\/\"},{\"@type\":\"ListItem\",\"position\":2,\"name\":\"Productos\",\"item\":\"https:\\\/\\\/skandiaahumados.es\\\/tienda\\\/\"},{\"@type\":\"ListItem\",\"position\":3,\"name\":\"Salm\u00f3n Noruego Sin Ahumar Pure ASC 80g\"}]},{\"@type\":\"WebSite\",\"@id\":\"https:\\\/\\\/skandiaahumados.es\\\/#website\",\"url\":\"https:\\\/\\\/skandiaahumados.es\\\/\",\"name\":\"Skandia Ahumados\",\"description\":\"Donde est\u00e1 el mejor salm\u00f3n\",\"potentialAction\":[{\"@type\":\"SearchAction\",\"target\":{\"@type\":\"EntryPoint\",\"urlTemplate\":\"https:\\\/\\\/skandiaahumados.es\\\/?s={search_term_string}\"},\"query-input\":{\"@type\":\"PropertyValueSpecification\",\"valueRequired\":true,\"valueName\":\"search_term_string\"}}],\"inLanguage\":\"en-GB\"}]}<\/script>\n<!-- \/ Yoast SEO plugin. -->","yoast_head_json":{"title":"Unsmoked Norwegian Salmon Pure ASC 80g - Skandia Smoked","description":"Pure ASC 80g unsmoked Norwegian salmon, for those who prefer to feel the taste of salmon in all its splendour. A more sophisticated taste. Buy now","robots":{"index":"index","follow":"follow","max-snippet":"max-snippet:-1","max-image-preview":"max-image-preview:large","max-video-preview":"max-video-preview:-1"},"canonical":"https:\/\/skandiaahumados.es\/en\/product\/norwegian-salmon-unsmoked-pure-asc-80-g-skandia-smoked\/","og_locale":"en_GB","og_type":"article","og_title":"Salm\u00f3n Noruego Sin Ahumar Pure ASC 80g - Skandia Ahumados","og_description":"Salm\u00f3n noruego sin ahumar Pure ASC 80g, para quienes prefieren sentir el sabor del salm\u00f3n en todo su esplendor. Un sabor m\u00e1s sofisticado. Compra ahora","og_url":"https:\/\/skandiaahumados.es\/en\/product\/norwegian-salmon-unsmoked-pure-asc-80-g-skandia-smoked\/","og_site_name":"Skandia Ahumados","article_modified_time":"2026-02-11T08:49:57+00:00","og_image":[{"width":775,"height":577,"url":"http:\/\/skandiaahumados.es\/wp-content\/uploads\/2024\/09\/00_Skandia-destacada-Salmon-ahumado-100g-cabecera-4.jpg","type":"image\/jpeg"}],"twitter_card":"summary_large_image","twitter_misc":{"Estimated reading time":"1 minute"},"schema":{"@context":"https:\/\/schema.org","@graph":[{"@type":"WebPage","@id":"https:\/\/skandiaahumados.es\/product\/salmon-noruego-sin-ahumar-pure-asc-80-g-skandia-ahumados\/","url":"https:\/\/skandiaahumados.es\/product\/salmon-noruego-sin-ahumar-pure-asc-80-g-skandia-ahumados\/","name":"Unsmoked Norwegian Salmon Pure ASC 80g - Skandia Smoked","isPartOf":{"@id":"https:\/\/skandiaahumados.es\/#website"},"primaryImageOfPage":{"@id":"https:\/\/skandiaahumados.es\/product\/salmon-noruego-sin-ahumar-pure-asc-80-g-skandia-ahumados\/#primaryimage"},"image":{"@id":"https:\/\/skandiaahumados.es\/product\/salmon-noruego-sin-ahumar-pure-asc-80-g-skandia-ahumados\/#primaryimage"},"thumbnailUrl":"https:\/\/skandiaahumados.es\/wp-content\/uploads\/2024\/09\/00_Skandia-destacada-Salmon-ahumado-100g-cabecera-4.jpg","datePublished":"2024-09-17T07:55:58+00:00","dateModified":"2026-02-11T08:49:57+00:00","description":"Pure ASC 80g unsmoked Norwegian salmon, for those who prefer to feel the taste of salmon in all its splendour. A more sophisticated taste. Buy now","breadcrumb":{"@id":"https:\/\/skandiaahumados.es\/product\/salmon-noruego-sin-ahumar-pure-asc-80-g-skandia-ahumados\/#breadcrumb"},"inLanguage":"en-GB","potentialAction":[{"@type":"ReadAction","target":["https:\/\/skandiaahumados.es\/product\/salmon-noruego-sin-ahumar-pure-asc-80-g-skandia-ahumados\/"]}]},{"@type":"ImageObject","inLanguage":"en-GB","@id":"https:\/\/skandiaahumados.es\/product\/salmon-noruego-sin-ahumar-pure-asc-80-g-skandia-ahumados\/#primaryimage","url":"https:\/\/skandiaahumados.es\/wp-content\/uploads\/2024\/09\/00_Skandia-destacada-Salmon-ahumado-100g-cabecera-4.jpg","contentUrl":"https:\/\/skandiaahumados.es\/wp-content\/uploads\/2024\/09\/00_Skandia-destacada-Salmon-ahumado-100g-cabecera-4.jpg","width":775,"height":577},{"@type":"BreadcrumbList","@id":"https:\/\/skandiaahumados.es\/product\/salmon-noruego-sin-ahumar-pure-asc-80-g-skandia-ahumados\/#breadcrumb","itemListElement":[{"@type":"ListItem","position":1,"name":"Portada","item":"https:\/\/skandiaahumados.es\/"},{"@type":"ListItem","position":2,"name":"Productos","item":"https:\/\/skandiaahumados.es\/tienda\/"},{"@type":"ListItem","position":3,"name":"Salm\u00f3n Noruego Sin Ahumar Pure ASC 80g"}]},{"@type":"WebSite","@id":"https:\/\/skandiaahumados.es\/#website","url":"https:\/\/skandiaahumados.es\/","name":"Skandia Smoked","description":"Where the best salmon is","potentialAction":[{"@type":"SearchAction","target":{"@type":"EntryPoint","urlTemplate":"https:\/\/skandiaahumados.es\/?s={search_term_string}"},"query-input":{"@type":"PropertyValueSpecification","valueRequired":true,"valueName":"search_term_string"}}],"inLanguage":"en-GB"}]}},"_links":{"self":[{"href":"https:\/\/skandiaahumados.es\/en\/wp-json\/wp\/v2\/product\/18939","targetHints":{"allow":["GET"]}}],"collection":[{"href":"https:\/\/skandiaahumados.es\/en\/wp-json\/wp\/v2\/product"}],"about":[{"href":"https:\/\/skandiaahumados.es\/en\/wp-json\/wp\/v2\/types\/product"}],"replies":[{"embeddable":true,"href":"https:\/\/skandiaahumados.es\/en\/wp-json\/wp\/v2\/comments?post=18939"}],"wp:featuredmedia":[{"embeddable":true,"href":"https:\/\/skandiaahumados.es\/en\/wp-json\/wp\/v2\/media\/19981"}],"wp:attachment":[{"href":"https:\/\/skandiaahumados.es\/en\/wp-json\/wp\/v2\/media?parent=18939"}],"wp:term":[{"taxonomy":"product_brand","embeddable":true,"href":"https:\/\/skandiaahumados.es\/en\/wp-json\/wp\/v2\/product_brand?post=18939"},{"taxonomy":"product_cat","embeddable":true,"href":"https:\/\/skandiaahumados.es\/en\/wp-json\/wp\/v2\/product_cat?post=18939"},{"taxonomy":"product_tag","embeddable":true,"href":"https:\/\/skandiaahumados.es\/en\/wp-json\/wp\/v2\/product_tag?post=18939"}],"curies":[{"name":"wp","href":"https:\/\/api.w.org\/{rel}","templated":true}]}}