{"id":18934,"date":"2024-09-17T09:44:53","date_gmt":"2024-09-17T07:44:53","guid":{"rendered":"https:\/\/skandiaahumados.es\/?post_type=product&#038;p=18934"},"modified":"2026-04-09T03:28:06","modified_gmt":"2026-04-09T01:28:06","slug":"assortment-of-certified-smoked-salmon-cod-tuna-100-g-skandia-smoked-products","status":"publish","type":"product","link":"https:\/\/skandiaahumados.es\/en\/product\/surtido-de-ahumados-certificados-salmon-bacalao-atun-100-g-skandia-ahumados\/","title":{"rendered":"Assortment of Certified Smoked Products: Salmon, Cod and Tuna 100g"},"content":{"rendered":"<p>Discover the best selection of flavours from the sea with our assortment of smoked salmon, cod and tuna. Enjoy them simply by savouring their flavour or adding a different touch to your recipes. The Skandia assortment carries the MSC and ASC labels, which guarantee sustainable fishing and responsible aquaculture for the preservation of the environment. Enjoying the best products from the sea while helping to care for them is possible.<\/p>","protected":false},"excerpt":{"rendered":"<p>Descubre la mejor selecci\u00f3n de sabores del mar con nuestro surtido de salm\u00f3n, bacalao y at\u00fan ahumados. Disfr\u00fatalo simplemente saboreando su sabor o aportando un toque diferente a tus recetas. El surtido Skandia cuenta con las etiquetas MSC y ASC, que garantizan la pesca sostenible y acuicultura responsable para la conservaci\u00f3n del medio ambiente. Disfrutar [&hellip;]<\/p>\n","protected":false},"featured_media":20030,"comment_status":"closed","ping_status":"closed","template":"","meta":{"_acf_changed":false,"inline_featured_image":false},"product_brand":[],"product_cat":[75],"product_tag":[44],"class_list":{"0":"post-18934","1":"product","2":"type-product","3":"status-publish","4":"has-post-thumbnail","6":"product_cat-otros","7":"product_tag-origenes","9":"first","10":"instock","11":"taxable","12":"shipping-taxable","13":"purchasable","14":"product-type-simple"},"acf":[],"yoast_head":"<!-- This site is optimized with the Yoast SEO plugin v27.3 - https:\/\/yoast.com\/product\/yoast-seo-wordpress\/ -->\n<title>Surtido de Ahumados Certificados: Salm\u00f3n, Bacalao y At\u00fan 100g - Skandia Ahumados<\/title>\n<meta name=\"description\" content=\"Surtido de Ahumados Certificados: Salm\u00f3n, bacalao y at\u00fan. Un surtido que garantizan la pesca sostenible y acuicultura responsable con sellos MSC y ASC.\" \/>\n<meta name=\"robots\" content=\"index, follow, max-snippet:-1, max-image-preview:large, max-video-preview:-1\" \/>\n<link rel=\"canonical\" href=\"https:\/\/skandiaahumados.es\/en\/product\/assortment-of-certified-smoked-salmon-cod-tuna-100-g-skandia-smoked-products\/\" \/>\n<meta property=\"og:locale\" content=\"en_GB\" \/>\n<meta property=\"og:type\" content=\"article\" \/>\n<meta property=\"og:title\" content=\"Surtido de Ahumados Certificados: Salm\u00f3n, Bacalao y At\u00fan 100g - Skandia Ahumados\" \/>\n<meta property=\"og:description\" content=\"Surtido de Ahumados Certificados: Salm\u00f3n, bacalao y at\u00fan. Un surtido que garantizan la pesca sostenible y acuicultura responsable con sellos MSC y ASC.\" \/>\n<meta property=\"og:url\" content=\"https:\/\/skandiaahumados.es\/en\/product\/assortment-of-certified-smoked-salmon-cod-tuna-100-g-skandia-smoked-products\/\" \/>\n<meta property=\"og:site_name\" content=\"Skandia Ahumados\" \/>\n<meta property=\"article:modified_time\" content=\"2026-04-09T01:28:06+00:00\" \/>\n<meta property=\"og:image\" content=\"http:\/\/skandiaahumados.es\/wp-content\/uploads\/2024\/09\/00_Destacada_Surtido-salmon-bacalao-atun-100g-cabecera.jpg\" \/>\n\t<meta property=\"og:image:width\" content=\"775\" \/>\n\t<meta property=\"og:image:height\" content=\"577\" \/>\n\t<meta property=\"og:image:type\" content=\"image\/jpeg\" \/>\n<meta name=\"twitter:card\" content=\"summary_large_image\" \/>\n<meta name=\"twitter:label1\" content=\"Estimated reading time\" \/>\n\t<meta name=\"twitter:data1\" content=\"1 minute\" \/>\n<script type=\"application\/ld+json\" class=\"yoast-schema-graph\">{\"@context\":\"https:\\\/\\\/schema.org\",\"@graph\":[{\"@type\":\"WebPage\",\"@id\":\"https:\\\/\\\/skandiaahumados.es\\\/product\\\/surtido-de-ahumados-certificados-salmon-bacalao-atun-100-g-skandia-ahumados\\\/\",\"url\":\"https:\\\/\\\/skandiaahumados.es\\\/product\\\/surtido-de-ahumados-certificados-salmon-bacalao-atun-100-g-skandia-ahumados\\\/\",\"name\":\"Surtido de Ahumados Certificados: Salm\u00f3n, Bacalao y At\u00fan 100g - Skandia Ahumados\",\"isPartOf\":{\"@id\":\"https:\\\/\\\/skandiaahumados.es\\\/#website\"},\"primaryImageOfPage\":{\"@id\":\"https:\\\/\\\/skandiaahumados.es\\\/product\\\/surtido-de-ahumados-certificados-salmon-bacalao-atun-100-g-skandia-ahumados\\\/#primaryimage\"},\"image\":{\"@id\":\"https:\\\/\\\/skandiaahumados.es\\\/product\\\/surtido-de-ahumados-certificados-salmon-bacalao-atun-100-g-skandia-ahumados\\\/#primaryimage\"},\"thumbnailUrl\":\"https:\\\/\\\/skandiaahumados.es\\\/wp-content\\\/uploads\\\/2024\\\/09\\\/00_Destacada_Surtido-salmon-bacalao-atun-100g-cabecera.jpg\",\"datePublished\":\"2024-09-17T07:44:53+00:00\",\"dateModified\":\"2026-04-09T01:28:06+00:00\",\"description\":\"Surtido de Ahumados Certificados: Salm\u00f3n, bacalao y at\u00fan. Un surtido que garantizan la pesca sostenible y acuicultura responsable con sellos MSC y ASC.\",\"breadcrumb\":{\"@id\":\"https:\\\/\\\/skandiaahumados.es\\\/product\\\/surtido-de-ahumados-certificados-salmon-bacalao-atun-100-g-skandia-ahumados\\\/#breadcrumb\"},\"inLanguage\":\"en-GB\",\"potentialAction\":[{\"@type\":\"ReadAction\",\"target\":[\"https:\\\/\\\/skandiaahumados.es\\\/product\\\/surtido-de-ahumados-certificados-salmon-bacalao-atun-100-g-skandia-ahumados\\\/\"]}]},{\"@type\":\"ImageObject\",\"inLanguage\":\"en-GB\",\"@id\":\"https:\\\/\\\/skandiaahumados.es\\\/product\\\/surtido-de-ahumados-certificados-salmon-bacalao-atun-100-g-skandia-ahumados\\\/#primaryimage\",\"url\":\"https:\\\/\\\/skandiaahumados.es\\\/wp-content\\\/uploads\\\/2024\\\/09\\\/00_Destacada_Surtido-salmon-bacalao-atun-100g-cabecera.jpg\",\"contentUrl\":\"https:\\\/\\\/skandiaahumados.es\\\/wp-content\\\/uploads\\\/2024\\\/09\\\/00_Destacada_Surtido-salmon-bacalao-atun-100g-cabecera.jpg\",\"width\":775,\"height\":577},{\"@type\":\"BreadcrumbList\",\"@id\":\"https:\\\/\\\/skandiaahumados.es\\\/product\\\/surtido-de-ahumados-certificados-salmon-bacalao-atun-100-g-skandia-ahumados\\\/#breadcrumb\",\"itemListElement\":[{\"@type\":\"ListItem\",\"position\":1,\"name\":\"Portada\",\"item\":\"https:\\\/\\\/skandiaahumados.es\\\/\"},{\"@type\":\"ListItem\",\"position\":2,\"name\":\"Productos\",\"item\":\"https:\\\/\\\/skandiaahumados.es\\\/tienda\\\/\"},{\"@type\":\"ListItem\",\"position\":3,\"name\":\"Surtido de Ahumados Certificados: Salm\u00f3n, Bacalao y At\u00fan 100g\"}]},{\"@type\":\"WebSite\",\"@id\":\"https:\\\/\\\/skandiaahumados.es\\\/#website\",\"url\":\"https:\\\/\\\/skandiaahumados.es\\\/\",\"name\":\"Skandia Ahumados\",\"description\":\"Donde est\u00e1 el mejor salm\u00f3n\",\"potentialAction\":[{\"@type\":\"SearchAction\",\"target\":{\"@type\":\"EntryPoint\",\"urlTemplate\":\"https:\\\/\\\/skandiaahumados.es\\\/?s={search_term_string}\"},\"query-input\":{\"@type\":\"PropertyValueSpecification\",\"valueRequired\":true,\"valueName\":\"search_term_string\"}}],\"inLanguage\":\"en-GB\"}]}<\/script>\n<!-- \/ Yoast SEO plugin. -->","yoast_head_json":{"title":"Assortment of Certified Smoked Products: Salmon, Cod and Tuna 100g - Skandia Ahumados","description":"Assortment of Certified Smoked Products: Salmon, cod and tuna. An assortment that guarantees sustainable fishing and responsible aquaculture with MSC and ASC seals.","robots":{"index":"index","follow":"follow","max-snippet":"max-snippet:-1","max-image-preview":"max-image-preview:large","max-video-preview":"max-video-preview:-1"},"canonical":"https:\/\/skandiaahumados.es\/en\/product\/assortment-of-certified-smoked-salmon-cod-tuna-100-g-skandia-smoked-products\/","og_locale":"en_GB","og_type":"article","og_title":"Surtido de Ahumados Certificados: Salm\u00f3n, Bacalao y At\u00fan 100g - Skandia Ahumados","og_description":"Surtido de Ahumados Certificados: Salm\u00f3n, bacalao y at\u00fan. Un surtido que garantizan la pesca sostenible y acuicultura responsable con sellos MSC y ASC.","og_url":"https:\/\/skandiaahumados.es\/en\/product\/assortment-of-certified-smoked-salmon-cod-tuna-100-g-skandia-smoked-products\/","og_site_name":"Skandia Ahumados","article_modified_time":"2026-04-09T01:28:06+00:00","og_image":[{"width":775,"height":577,"url":"http:\/\/skandiaahumados.es\/wp-content\/uploads\/2024\/09\/00_Destacada_Surtido-salmon-bacalao-atun-100g-cabecera.jpg","type":"image\/jpeg"}],"twitter_card":"summary_large_image","twitter_misc":{"Estimated reading time":"1 minute"},"schema":{"@context":"https:\/\/schema.org","@graph":[{"@type":"WebPage","@id":"https:\/\/skandiaahumados.es\/product\/surtido-de-ahumados-certificados-salmon-bacalao-atun-100-g-skandia-ahumados\/","url":"https:\/\/skandiaahumados.es\/product\/surtido-de-ahumados-certificados-salmon-bacalao-atun-100-g-skandia-ahumados\/","name":"Assortment of Certified Smoked Products: Salmon, Cod and Tuna 100g - Skandia Ahumados","isPartOf":{"@id":"https:\/\/skandiaahumados.es\/#website"},"primaryImageOfPage":{"@id":"https:\/\/skandiaahumados.es\/product\/surtido-de-ahumados-certificados-salmon-bacalao-atun-100-g-skandia-ahumados\/#primaryimage"},"image":{"@id":"https:\/\/skandiaahumados.es\/product\/surtido-de-ahumados-certificados-salmon-bacalao-atun-100-g-skandia-ahumados\/#primaryimage"},"thumbnailUrl":"https:\/\/skandiaahumados.es\/wp-content\/uploads\/2024\/09\/00_Destacada_Surtido-salmon-bacalao-atun-100g-cabecera.jpg","datePublished":"2024-09-17T07:44:53+00:00","dateModified":"2026-04-09T01:28:06+00:00","description":"Assortment of Certified Smoked Products: Salmon, cod and tuna. An assortment that guarantees sustainable fishing and responsible aquaculture with MSC and ASC seals.","breadcrumb":{"@id":"https:\/\/skandiaahumados.es\/product\/surtido-de-ahumados-certificados-salmon-bacalao-atun-100-g-skandia-ahumados\/#breadcrumb"},"inLanguage":"en-GB","potentialAction":[{"@type":"ReadAction","target":["https:\/\/skandiaahumados.es\/product\/surtido-de-ahumados-certificados-salmon-bacalao-atun-100-g-skandia-ahumados\/"]}]},{"@type":"ImageObject","inLanguage":"en-GB","@id":"https:\/\/skandiaahumados.es\/product\/surtido-de-ahumados-certificados-salmon-bacalao-atun-100-g-skandia-ahumados\/#primaryimage","url":"https:\/\/skandiaahumados.es\/wp-content\/uploads\/2024\/09\/00_Destacada_Surtido-salmon-bacalao-atun-100g-cabecera.jpg","contentUrl":"https:\/\/skandiaahumados.es\/wp-content\/uploads\/2024\/09\/00_Destacada_Surtido-salmon-bacalao-atun-100g-cabecera.jpg","width":775,"height":577},{"@type":"BreadcrumbList","@id":"https:\/\/skandiaahumados.es\/product\/surtido-de-ahumados-certificados-salmon-bacalao-atun-100-g-skandia-ahumados\/#breadcrumb","itemListElement":[{"@type":"ListItem","position":1,"name":"Portada","item":"https:\/\/skandiaahumados.es\/"},{"@type":"ListItem","position":2,"name":"Productos","item":"https:\/\/skandiaahumados.es\/tienda\/"},{"@type":"ListItem","position":3,"name":"Surtido de Ahumados Certificados: Salm\u00f3n, Bacalao y At\u00fan 100g"}]},{"@type":"WebSite","@id":"https:\/\/skandiaahumados.es\/#website","url":"https:\/\/skandiaahumados.es\/","name":"Skandia Smoked","description":"Where the best salmon is","potentialAction":[{"@type":"SearchAction","target":{"@type":"EntryPoint","urlTemplate":"https:\/\/skandiaahumados.es\/?s={search_term_string}"},"query-input":{"@type":"PropertyValueSpecification","valueRequired":true,"valueName":"search_term_string"}}],"inLanguage":"en-GB"}]}},"_links":{"self":[{"href":"https:\/\/skandiaahumados.es\/en\/wp-json\/wp\/v2\/product\/18934","targetHints":{"allow":["GET"]}}],"collection":[{"href":"https:\/\/skandiaahumados.es\/en\/wp-json\/wp\/v2\/product"}],"about":[{"href":"https:\/\/skandiaahumados.es\/en\/wp-json\/wp\/v2\/types\/product"}],"replies":[{"embeddable":true,"href":"https:\/\/skandiaahumados.es\/en\/wp-json\/wp\/v2\/comments?post=18934"}],"wp:featuredmedia":[{"embeddable":true,"href":"https:\/\/skandiaahumados.es\/en\/wp-json\/wp\/v2\/media\/20030"}],"wp:attachment":[{"href":"https:\/\/skandiaahumados.es\/en\/wp-json\/wp\/v2\/media?parent=18934"}],"wp:term":[{"taxonomy":"product_brand","embeddable":true,"href":"https:\/\/skandiaahumados.es\/en\/wp-json\/wp\/v2\/product_brand?post=18934"},{"taxonomy":"product_cat","embeddable":true,"href":"https:\/\/skandiaahumados.es\/en\/wp-json\/wp\/v2\/product_cat?post=18934"},{"taxonomy":"product_tag","embeddable":true,"href":"https:\/\/skandiaahumados.es\/en\/wp-json\/wp\/v2\/product_tag?post=18934"}],"curies":[{"name":"wp","href":"https:\/\/api.w.org\/{rel}","templated":true}]}}