{"id":18922,"date":"2024-09-16T14:57:56","date_gmt":"2024-09-16T12:57:56","guid":{"rendered":"https:\/\/skandiaahumados.es\/?post_type=product&#038;p=18922"},"modified":"2026-02-10T11:28:36","modified_gmt":"2026-02-10T10:28:36","slug":"smoked-salmon-with-red-seaweed-80-g","status":"publish","type":"product","link":"https:\/\/skandiaahumados.es\/en\/product\/salmon-ahumado-con-alga-roja-80-g\/","title":{"rendered":"Smoked Salmon with Red Seaweed 80g"},"content":{"rendered":"<p class=\"p1\">Delicious slices of Norwegian salmon marinated with red seaweed and cut Japanese style. Try it with soy sauce and enjoy a taste as exotic as it is delicious.<\/p>","protected":false},"excerpt":{"rendered":"<p>Delicious slices of Norwegian salmon marinated with red seaweed and cut Japanese style. Try it with soy sauce and enjoy a taste as exotic as it is delicious.<\/p>","protected":false},"featured_media":20058,"comment_status":"closed","ping_status":"closed","template":"","meta":{"_acf_changed":false,"inline_featured_image":false},"product_brand":[],"product_cat":[29],"product_tag":[44],"class_list":{"0":"post-18922","1":"product","2":"type-product","3":"status-publish","4":"has-post-thumbnail","6":"product_cat-salmon","7":"product_tag-origenes","9":"first","10":"instock","11":"taxable","12":"shipping-taxable","13":"purchasable","14":"product-type-simple"},"acf":[],"yoast_head":"<!-- This site is optimized with the Yoast SEO plugin v27.3 - https:\/\/yoast.com\/product\/yoast-seo-wordpress\/ -->\n<title>Salm\u00f3n Ahumado con Alga roja 80g - Skandia Ahumados<\/title>\n<meta name=\"description\" content=\"Deliciosas lonchas de salm\u00f3n ahumado 80 g con alga roja, sabor gourmet al estilo japon\u00e9s. Perfecto para aperitivos y recetas creativas. Compra ahora\" \/>\n<meta name=\"robots\" content=\"index, follow, max-snippet:-1, max-image-preview:large, max-video-preview:-1\" \/>\n<link rel=\"canonical\" href=\"https:\/\/skandiaahumados.es\/en\/product\/smoked-salmon-with-red-seaweed-80-g\/\" \/>\n<meta property=\"og:locale\" content=\"en_GB\" \/>\n<meta property=\"og:type\" content=\"article\" \/>\n<meta property=\"og:title\" content=\"Salm\u00f3n Ahumado con Alga roja 80g - Skandia Ahumados\" \/>\n<meta property=\"og:description\" content=\"Deliciosas lonchas de salm\u00f3n ahumado 80 g con alga roja, sabor gourmet al estilo japon\u00e9s. Perfecto para aperitivos y recetas creativas. Compra ahora\" \/>\n<meta property=\"og:url\" content=\"https:\/\/skandiaahumados.es\/en\/product\/smoked-salmon-with-red-seaweed-80-g\/\" \/>\n<meta property=\"og:site_name\" content=\"Skandia Ahumados\" \/>\n<meta property=\"article:modified_time\" content=\"2026-02-10T10:28:36+00:00\" \/>\n<meta property=\"og:image\" content=\"http:\/\/skandiaahumados.es\/wp-content\/uploads\/2024\/09\/00_Salmon-Ahumado-con-Alga-Roja-80g-cabecera-1.jpg\" \/>\n\t<meta property=\"og:image:width\" content=\"775\" \/>\n\t<meta property=\"og:image:height\" content=\"577\" \/>\n\t<meta property=\"og:image:type\" content=\"image\/jpeg\" \/>\n<meta name=\"twitter:card\" content=\"summary_large_image\" \/>\n<meta name=\"twitter:label1\" content=\"Estimated reading time\" \/>\n\t<meta name=\"twitter:data1\" content=\"1 minute\" \/>\n<script type=\"application\/ld+json\" class=\"yoast-schema-graph\">{\"@context\":\"https:\\\/\\\/schema.org\",\"@graph\":[{\"@type\":\"WebPage\",\"@id\":\"https:\\\/\\\/skandiaahumados.es\\\/product\\\/salmon-ahumado-con-alga-roja-80-g\\\/\",\"url\":\"https:\\\/\\\/skandiaahumados.es\\\/product\\\/salmon-ahumado-con-alga-roja-80-g\\\/\",\"name\":\"Salm\u00f3n Ahumado con Alga roja 80g - Skandia Ahumados\",\"isPartOf\":{\"@id\":\"https:\\\/\\\/skandiaahumados.es\\\/#website\"},\"primaryImageOfPage\":{\"@id\":\"https:\\\/\\\/skandiaahumados.es\\\/product\\\/salmon-ahumado-con-alga-roja-80-g\\\/#primaryimage\"},\"image\":{\"@id\":\"https:\\\/\\\/skandiaahumados.es\\\/product\\\/salmon-ahumado-con-alga-roja-80-g\\\/#primaryimage\"},\"thumbnailUrl\":\"https:\\\/\\\/skandiaahumados.es\\\/wp-content\\\/uploads\\\/2024\\\/09\\\/00_Salmon-Ahumado-con-Alga-Roja-80g-cabecera-1.jpg\",\"datePublished\":\"2024-09-16T12:57:56+00:00\",\"dateModified\":\"2026-02-10T10:28:36+00:00\",\"description\":\"Deliciosas lonchas de salm\u00f3n ahumado 80 g con alga roja, sabor gourmet al estilo japon\u00e9s. Perfecto para aperitivos y recetas creativas. Compra ahora\",\"breadcrumb\":{\"@id\":\"https:\\\/\\\/skandiaahumados.es\\\/product\\\/salmon-ahumado-con-alga-roja-80-g\\\/#breadcrumb\"},\"inLanguage\":\"en-GB\",\"potentialAction\":[{\"@type\":\"ReadAction\",\"target\":[\"https:\\\/\\\/skandiaahumados.es\\\/product\\\/salmon-ahumado-con-alga-roja-80-g\\\/\"]}]},{\"@type\":\"ImageObject\",\"inLanguage\":\"en-GB\",\"@id\":\"https:\\\/\\\/skandiaahumados.es\\\/product\\\/salmon-ahumado-con-alga-roja-80-g\\\/#primaryimage\",\"url\":\"https:\\\/\\\/skandiaahumados.es\\\/wp-content\\\/uploads\\\/2024\\\/09\\\/00_Salmon-Ahumado-con-Alga-Roja-80g-cabecera-1.jpg\",\"contentUrl\":\"https:\\\/\\\/skandiaahumados.es\\\/wp-content\\\/uploads\\\/2024\\\/09\\\/00_Salmon-Ahumado-con-Alga-Roja-80g-cabecera-1.jpg\",\"width\":775,\"height\":577},{\"@type\":\"BreadcrumbList\",\"@id\":\"https:\\\/\\\/skandiaahumados.es\\\/product\\\/salmon-ahumado-con-alga-roja-80-g\\\/#breadcrumb\",\"itemListElement\":[{\"@type\":\"ListItem\",\"position\":1,\"name\":\"Portada\",\"item\":\"https:\\\/\\\/skandiaahumados.es\\\/\"},{\"@type\":\"ListItem\",\"position\":2,\"name\":\"Productos\",\"item\":\"https:\\\/\\\/skandiaahumados.es\\\/tienda\\\/\"},{\"@type\":\"ListItem\",\"position\":3,\"name\":\"Salm\u00f3n Ahumado con Alga roja 80g\"}]},{\"@type\":\"WebSite\",\"@id\":\"https:\\\/\\\/skandiaahumados.es\\\/#website\",\"url\":\"https:\\\/\\\/skandiaahumados.es\\\/\",\"name\":\"Skandia Ahumados\",\"description\":\"Donde est\u00e1 el mejor salm\u00f3n\",\"potentialAction\":[{\"@type\":\"SearchAction\",\"target\":{\"@type\":\"EntryPoint\",\"urlTemplate\":\"https:\\\/\\\/skandiaahumados.es\\\/?s={search_term_string}\"},\"query-input\":{\"@type\":\"PropertyValueSpecification\",\"valueRequired\":true,\"valueName\":\"search_term_string\"}}],\"inLanguage\":\"en-GB\"}]}<\/script>\n<!-- \/ Yoast SEO plugin. -->","yoast_head_json":{"title":"Smoked Salmon with Red Seaweed 80g - Skandia Ahumados","description":"Delicious smoked salmon slices 80 g with red seaweed, gourmet taste Japanese style. Perfect for snacks and creative recipes. Buy now","robots":{"index":"index","follow":"follow","max-snippet":"max-snippet:-1","max-image-preview":"max-image-preview:large","max-video-preview":"max-video-preview:-1"},"canonical":"https:\/\/skandiaahumados.es\/en\/product\/smoked-salmon-with-red-seaweed-80-g\/","og_locale":"en_GB","og_type":"article","og_title":"Salm\u00f3n Ahumado con Alga roja 80g - Skandia Ahumados","og_description":"Deliciosas lonchas de salm\u00f3n ahumado 80 g con alga roja, sabor gourmet al estilo japon\u00e9s. Perfecto para aperitivos y recetas creativas. Compra ahora","og_url":"https:\/\/skandiaahumados.es\/en\/product\/smoked-salmon-with-red-seaweed-80-g\/","og_site_name":"Skandia Ahumados","article_modified_time":"2026-02-10T10:28:36+00:00","og_image":[{"width":775,"height":577,"url":"http:\/\/skandiaahumados.es\/wp-content\/uploads\/2024\/09\/00_Salmon-Ahumado-con-Alga-Roja-80g-cabecera-1.jpg","type":"image\/jpeg"}],"twitter_card":"summary_large_image","twitter_misc":{"Estimated reading time":"1 minute"},"schema":{"@context":"https:\/\/schema.org","@graph":[{"@type":"WebPage","@id":"https:\/\/skandiaahumados.es\/product\/salmon-ahumado-con-alga-roja-80-g\/","url":"https:\/\/skandiaahumados.es\/product\/salmon-ahumado-con-alga-roja-80-g\/","name":"Smoked Salmon with Red Seaweed 80g - Skandia Ahumados","isPartOf":{"@id":"https:\/\/skandiaahumados.es\/#website"},"primaryImageOfPage":{"@id":"https:\/\/skandiaahumados.es\/product\/salmon-ahumado-con-alga-roja-80-g\/#primaryimage"},"image":{"@id":"https:\/\/skandiaahumados.es\/product\/salmon-ahumado-con-alga-roja-80-g\/#primaryimage"},"thumbnailUrl":"https:\/\/skandiaahumados.es\/wp-content\/uploads\/2024\/09\/00_Salmon-Ahumado-con-Alga-Roja-80g-cabecera-1.jpg","datePublished":"2024-09-16T12:57:56+00:00","dateModified":"2026-02-10T10:28:36+00:00","description":"Delicious smoked salmon slices 80 g with red seaweed, gourmet taste Japanese style. Perfect for snacks and creative recipes. Buy now","breadcrumb":{"@id":"https:\/\/skandiaahumados.es\/product\/salmon-ahumado-con-alga-roja-80-g\/#breadcrumb"},"inLanguage":"en-GB","potentialAction":[{"@type":"ReadAction","target":["https:\/\/skandiaahumados.es\/product\/salmon-ahumado-con-alga-roja-80-g\/"]}]},{"@type":"ImageObject","inLanguage":"en-GB","@id":"https:\/\/skandiaahumados.es\/product\/salmon-ahumado-con-alga-roja-80-g\/#primaryimage","url":"https:\/\/skandiaahumados.es\/wp-content\/uploads\/2024\/09\/00_Salmon-Ahumado-con-Alga-Roja-80g-cabecera-1.jpg","contentUrl":"https:\/\/skandiaahumados.es\/wp-content\/uploads\/2024\/09\/00_Salmon-Ahumado-con-Alga-Roja-80g-cabecera-1.jpg","width":775,"height":577},{"@type":"BreadcrumbList","@id":"https:\/\/skandiaahumados.es\/product\/salmon-ahumado-con-alga-roja-80-g\/#breadcrumb","itemListElement":[{"@type":"ListItem","position":1,"name":"Portada","item":"https:\/\/skandiaahumados.es\/"},{"@type":"ListItem","position":2,"name":"Productos","item":"https:\/\/skandiaahumados.es\/tienda\/"},{"@type":"ListItem","position":3,"name":"Salm\u00f3n Ahumado con Alga roja 80g"}]},{"@type":"WebSite","@id":"https:\/\/skandiaahumados.es\/#website","url":"https:\/\/skandiaahumados.es\/","name":"Skandia Smoked","description":"Where the best salmon is","potentialAction":[{"@type":"SearchAction","target":{"@type":"EntryPoint","urlTemplate":"https:\/\/skandiaahumados.es\/?s={search_term_string}"},"query-input":{"@type":"PropertyValueSpecification","valueRequired":true,"valueName":"search_term_string"}}],"inLanguage":"en-GB"}]}},"_links":{"self":[{"href":"https:\/\/skandiaahumados.es\/en\/wp-json\/wp\/v2\/product\/18922","targetHints":{"allow":["GET"]}}],"collection":[{"href":"https:\/\/skandiaahumados.es\/en\/wp-json\/wp\/v2\/product"}],"about":[{"href":"https:\/\/skandiaahumados.es\/en\/wp-json\/wp\/v2\/types\/product"}],"replies":[{"embeddable":true,"href":"https:\/\/skandiaahumados.es\/en\/wp-json\/wp\/v2\/comments?post=18922"}],"wp:featuredmedia":[{"embeddable":true,"href":"https:\/\/skandiaahumados.es\/en\/wp-json\/wp\/v2\/media\/20058"}],"wp:attachment":[{"href":"https:\/\/skandiaahumados.es\/en\/wp-json\/wp\/v2\/media?parent=18922"}],"wp:term":[{"taxonomy":"product_brand","embeddable":true,"href":"https:\/\/skandiaahumados.es\/en\/wp-json\/wp\/v2\/product_brand?post=18922"},{"taxonomy":"product_cat","embeddable":true,"href":"https:\/\/skandiaahumados.es\/en\/wp-json\/wp\/v2\/product_cat?post=18922"},{"taxonomy":"product_tag","embeddable":true,"href":"https:\/\/skandiaahumados.es\/en\/wp-json\/wp\/v2\/product_tag?post=18922"}],"curies":[{"name":"wp","href":"https:\/\/api.w.org\/{rel}","templated":true}]}}