{"id":18915,"date":"2024-09-16T14:39:18","date_gmt":"2024-09-16T12:39:18","guid":{"rendered":"https:\/\/skandiaahumados.es\/?post_type=product&#038;p=18915"},"modified":"2026-02-11T09:31:56","modified_gmt":"2026-02-11T08:31:56","slug":"smoked-salmon-fillet-in-slices-250-g-special-smoked-skandia-canapes","status":"publish","type":"product","link":"https:\/\/skandiaahumados.es\/en\/product\/solomillo-salmon-ahumado-en-lonchitas-250-g-especial-canapes-skandia-ahumados\/","title":{"rendered":"Smoked Salmon Fillet Slices Special Canap\u00e9s 250g"},"content":{"rendered":"<p class=\"p1\">So that you can prepare delicious canap\u00e9s in the easiest and quickest way, we have cut our best sirloin steak into slices. The noblest part of the salmon in slices. In addition, we give you a 50g pack of black Skaviar, made from seaweed, to decorate your plate.<\/p>","protected":false},"excerpt":{"rendered":"<p>So that you can prepare delicious canap\u00e9s in the easiest and quickest way, we have cut our best sirloin steak into slices. The noblest part of the salmon in slices. In addition, we give you a 50g pack of black Skaviar, made from seaweed, to decorate your plate.<\/p>","protected":false},"featured_media":20022,"comment_status":"closed","ping_status":"closed","template":"","meta":{"_acf_changed":false,"inline_featured_image":false},"product_brand":[],"product_cat":[29],"product_tag":[44],"class_list":{"0":"post-18915","1":"product","2":"type-product","3":"status-publish","4":"has-post-thumbnail","6":"product_cat-salmon","7":"product_tag-origenes","9":"first","10":"instock","11":"taxable","12":"shipping-taxable","13":"purchasable","14":"product-type-simple"},"acf":[],"yoast_head":"<!-- This site is optimized with the Yoast SEO plugin v27.3 - https:\/\/yoast.com\/product\/yoast-seo-wordpress\/ -->\n<title>Solomillo de Salm\u00f3n Ahumado en Lonchitas Especial Canap\u00e9s 250g - Skandia Ahumados<\/title>\n<meta name=\"description\" content=\"Solomillo de Salm\u00f3n Ahumado en lonchitas 250g especial para canap\u00e9s. Adem\u00e1s te regalamos un pack Skaviar negro, elaborado a base de algas marinas. Compra\" \/>\n<meta name=\"robots\" content=\"index, follow, max-snippet:-1, max-image-preview:large, max-video-preview:-1\" \/>\n<link rel=\"canonical\" href=\"https:\/\/skandiaahumados.es\/en\/product\/smoked-salmon-fillet-in-slices-250-g-special-smoked-skandia-canapes\/\" \/>\n<meta property=\"og:locale\" content=\"en_GB\" \/>\n<meta property=\"og:type\" content=\"article\" \/>\n<meta property=\"og:title\" content=\"Solomillo de Salm\u00f3n Ahumado en Lonchitas Especial Canap\u00e9s 250g - Skandia Ahumados\" \/>\n<meta property=\"og:description\" content=\"Solomillo de Salm\u00f3n Ahumado en lonchitas 250g especial para canap\u00e9s. Adem\u00e1s te regalamos un pack Skaviar negro, elaborado a base de algas marinas. Compra\" \/>\n<meta property=\"og:url\" content=\"https:\/\/skandiaahumados.es\/en\/product\/smoked-salmon-fillet-in-slices-250-g-special-smoked-skandia-canapes\/\" \/>\n<meta property=\"og:site_name\" content=\"Skandia Ahumados\" \/>\n<meta property=\"article:modified_time\" content=\"2026-02-11T08:31:56+00:00\" \/>\n<meta property=\"og:image\" content=\"http:\/\/skandiaahumados.es\/wp-content\/uploads\/2024\/09\/00_Destacada_Solomillo-salmon-lonchitas-canapes-cabecera.jpg\" \/>\n\t<meta property=\"og:image:width\" content=\"775\" \/>\n\t<meta property=\"og:image:height\" content=\"577\" \/>\n\t<meta property=\"og:image:type\" content=\"image\/jpeg\" \/>\n<meta name=\"twitter:card\" content=\"summary_large_image\" \/>\n<meta name=\"twitter:label1\" content=\"Estimated reading time\" \/>\n\t<meta name=\"twitter:data1\" content=\"1 minute\" \/>\n<script type=\"application\/ld+json\" class=\"yoast-schema-graph\">{\"@context\":\"https:\\\/\\\/schema.org\",\"@graph\":[{\"@type\":\"WebPage\",\"@id\":\"https:\\\/\\\/skandiaahumados.es\\\/product\\\/solomillo-salmon-ahumado-en-lonchitas-250-g-especial-canapes-skandia-ahumados\\\/\",\"url\":\"https:\\\/\\\/skandiaahumados.es\\\/product\\\/solomillo-salmon-ahumado-en-lonchitas-250-g-especial-canapes-skandia-ahumados\\\/\",\"name\":\"Solomillo de Salm\u00f3n Ahumado en Lonchitas Especial Canap\u00e9s 250g - Skandia Ahumados\",\"isPartOf\":{\"@id\":\"https:\\\/\\\/skandiaahumados.es\\\/#website\"},\"primaryImageOfPage\":{\"@id\":\"https:\\\/\\\/skandiaahumados.es\\\/product\\\/solomillo-salmon-ahumado-en-lonchitas-250-g-especial-canapes-skandia-ahumados\\\/#primaryimage\"},\"image\":{\"@id\":\"https:\\\/\\\/skandiaahumados.es\\\/product\\\/solomillo-salmon-ahumado-en-lonchitas-250-g-especial-canapes-skandia-ahumados\\\/#primaryimage\"},\"thumbnailUrl\":\"https:\\\/\\\/skandiaahumados.es\\\/wp-content\\\/uploads\\\/2024\\\/09\\\/00_Destacada_Solomillo-salmon-lonchitas-canapes-cabecera.jpg\",\"datePublished\":\"2024-09-16T12:39:18+00:00\",\"dateModified\":\"2026-02-11T08:31:56+00:00\",\"description\":\"Solomillo de Salm\u00f3n Ahumado en lonchitas 250g especial para canap\u00e9s. Adem\u00e1s te regalamos un pack Skaviar negro, elaborado a base de algas marinas. Compra\",\"breadcrumb\":{\"@id\":\"https:\\\/\\\/skandiaahumados.es\\\/product\\\/solomillo-salmon-ahumado-en-lonchitas-250-g-especial-canapes-skandia-ahumados\\\/#breadcrumb\"},\"inLanguage\":\"en-GB\",\"potentialAction\":[{\"@type\":\"ReadAction\",\"target\":[\"https:\\\/\\\/skandiaahumados.es\\\/product\\\/solomillo-salmon-ahumado-en-lonchitas-250-g-especial-canapes-skandia-ahumados\\\/\"]}]},{\"@type\":\"ImageObject\",\"inLanguage\":\"en-GB\",\"@id\":\"https:\\\/\\\/skandiaahumados.es\\\/product\\\/solomillo-salmon-ahumado-en-lonchitas-250-g-especial-canapes-skandia-ahumados\\\/#primaryimage\",\"url\":\"https:\\\/\\\/skandiaahumados.es\\\/wp-content\\\/uploads\\\/2024\\\/09\\\/00_Destacada_Solomillo-salmon-lonchitas-canapes-cabecera.jpg\",\"contentUrl\":\"https:\\\/\\\/skandiaahumados.es\\\/wp-content\\\/uploads\\\/2024\\\/09\\\/00_Destacada_Solomillo-salmon-lonchitas-canapes-cabecera.jpg\",\"width\":775,\"height\":577},{\"@type\":\"BreadcrumbList\",\"@id\":\"https:\\\/\\\/skandiaahumados.es\\\/product\\\/solomillo-salmon-ahumado-en-lonchitas-250-g-especial-canapes-skandia-ahumados\\\/#breadcrumb\",\"itemListElement\":[{\"@type\":\"ListItem\",\"position\":1,\"name\":\"Portada\",\"item\":\"https:\\\/\\\/skandiaahumados.es\\\/\"},{\"@type\":\"ListItem\",\"position\":2,\"name\":\"Productos\",\"item\":\"https:\\\/\\\/skandiaahumados.es\\\/tienda\\\/\"},{\"@type\":\"ListItem\",\"position\":3,\"name\":\"Solomillo de Salm\u00f3n Ahumado en Lonchitas Especial Canap\u00e9s 250g\"}]},{\"@type\":\"WebSite\",\"@id\":\"https:\\\/\\\/skandiaahumados.es\\\/#website\",\"url\":\"https:\\\/\\\/skandiaahumados.es\\\/\",\"name\":\"Skandia Ahumados\",\"description\":\"Donde est\u00e1 el mejor salm\u00f3n\",\"potentialAction\":[{\"@type\":\"SearchAction\",\"target\":{\"@type\":\"EntryPoint\",\"urlTemplate\":\"https:\\\/\\\/skandiaahumados.es\\\/?s={search_term_string}\"},\"query-input\":{\"@type\":\"PropertyValueSpecification\",\"valueRequired\":true,\"valueName\":\"search_term_string\"}}],\"inLanguage\":\"en-GB\"}]}<\/script>\n<!-- \/ Yoast SEO plugin. -->","yoast_head_json":{"title":"Smoked Salmon Fillet in Slices Special Canap\u00e9s 250g - Skandia Ahumados","description":"Smoked Salmon Fillet in slices 250g special for canap\u00e9s. We also give you a free Skaviar black pack, made from seaweed. Buy","robots":{"index":"index","follow":"follow","max-snippet":"max-snippet:-1","max-image-preview":"max-image-preview:large","max-video-preview":"max-video-preview:-1"},"canonical":"https:\/\/skandiaahumados.es\/en\/product\/smoked-salmon-fillet-in-slices-250-g-special-smoked-skandia-canapes\/","og_locale":"en_GB","og_type":"article","og_title":"Solomillo de Salm\u00f3n Ahumado en Lonchitas Especial Canap\u00e9s 250g - Skandia Ahumados","og_description":"Solomillo de Salm\u00f3n Ahumado en lonchitas 250g especial para canap\u00e9s. Adem\u00e1s te regalamos un pack Skaviar negro, elaborado a base de algas marinas. Compra","og_url":"https:\/\/skandiaahumados.es\/en\/product\/smoked-salmon-fillet-in-slices-250-g-special-smoked-skandia-canapes\/","og_site_name":"Skandia Ahumados","article_modified_time":"2026-02-11T08:31:56+00:00","og_image":[{"width":775,"height":577,"url":"http:\/\/skandiaahumados.es\/wp-content\/uploads\/2024\/09\/00_Destacada_Solomillo-salmon-lonchitas-canapes-cabecera.jpg","type":"image\/jpeg"}],"twitter_card":"summary_large_image","twitter_misc":{"Estimated reading time":"1 minute"},"schema":{"@context":"https:\/\/schema.org","@graph":[{"@type":"WebPage","@id":"https:\/\/skandiaahumados.es\/product\/solomillo-salmon-ahumado-en-lonchitas-250-g-especial-canapes-skandia-ahumados\/","url":"https:\/\/skandiaahumados.es\/product\/solomillo-salmon-ahumado-en-lonchitas-250-g-especial-canapes-skandia-ahumados\/","name":"Smoked Salmon Fillet in Slices Special Canap\u00e9s 250g - Skandia Ahumados","isPartOf":{"@id":"https:\/\/skandiaahumados.es\/#website"},"primaryImageOfPage":{"@id":"https:\/\/skandiaahumados.es\/product\/solomillo-salmon-ahumado-en-lonchitas-250-g-especial-canapes-skandia-ahumados\/#primaryimage"},"image":{"@id":"https:\/\/skandiaahumados.es\/product\/solomillo-salmon-ahumado-en-lonchitas-250-g-especial-canapes-skandia-ahumados\/#primaryimage"},"thumbnailUrl":"https:\/\/skandiaahumados.es\/wp-content\/uploads\/2024\/09\/00_Destacada_Solomillo-salmon-lonchitas-canapes-cabecera.jpg","datePublished":"2024-09-16T12:39:18+00:00","dateModified":"2026-02-11T08:31:56+00:00","description":"Smoked Salmon Fillet in slices 250g special for canap\u00e9s. We also give you a free Skaviar black pack, made from seaweed. Buy","breadcrumb":{"@id":"https:\/\/skandiaahumados.es\/product\/solomillo-salmon-ahumado-en-lonchitas-250-g-especial-canapes-skandia-ahumados\/#breadcrumb"},"inLanguage":"en-GB","potentialAction":[{"@type":"ReadAction","target":["https:\/\/skandiaahumados.es\/product\/solomillo-salmon-ahumado-en-lonchitas-250-g-especial-canapes-skandia-ahumados\/"]}]},{"@type":"ImageObject","inLanguage":"en-GB","@id":"https:\/\/skandiaahumados.es\/product\/solomillo-salmon-ahumado-en-lonchitas-250-g-especial-canapes-skandia-ahumados\/#primaryimage","url":"https:\/\/skandiaahumados.es\/wp-content\/uploads\/2024\/09\/00_Destacada_Solomillo-salmon-lonchitas-canapes-cabecera.jpg","contentUrl":"https:\/\/skandiaahumados.es\/wp-content\/uploads\/2024\/09\/00_Destacada_Solomillo-salmon-lonchitas-canapes-cabecera.jpg","width":775,"height":577},{"@type":"BreadcrumbList","@id":"https:\/\/skandiaahumados.es\/product\/solomillo-salmon-ahumado-en-lonchitas-250-g-especial-canapes-skandia-ahumados\/#breadcrumb","itemListElement":[{"@type":"ListItem","position":1,"name":"Portada","item":"https:\/\/skandiaahumados.es\/"},{"@type":"ListItem","position":2,"name":"Productos","item":"https:\/\/skandiaahumados.es\/tienda\/"},{"@type":"ListItem","position":3,"name":"Solomillo de Salm\u00f3n Ahumado en Lonchitas Especial Canap\u00e9s 250g"}]},{"@type":"WebSite","@id":"https:\/\/skandiaahumados.es\/#website","url":"https:\/\/skandiaahumados.es\/","name":"Skandia Smoked","description":"Where the best salmon is","potentialAction":[{"@type":"SearchAction","target":{"@type":"EntryPoint","urlTemplate":"https:\/\/skandiaahumados.es\/?s={search_term_string}"},"query-input":{"@type":"PropertyValueSpecification","valueRequired":true,"valueName":"search_term_string"}}],"inLanguage":"en-GB"}]}},"_links":{"self":[{"href":"https:\/\/skandiaahumados.es\/en\/wp-json\/wp\/v2\/product\/18915","targetHints":{"allow":["GET"]}}],"collection":[{"href":"https:\/\/skandiaahumados.es\/en\/wp-json\/wp\/v2\/product"}],"about":[{"href":"https:\/\/skandiaahumados.es\/en\/wp-json\/wp\/v2\/types\/product"}],"replies":[{"embeddable":true,"href":"https:\/\/skandiaahumados.es\/en\/wp-json\/wp\/v2\/comments?post=18915"}],"wp:featuredmedia":[{"embeddable":true,"href":"https:\/\/skandiaahumados.es\/en\/wp-json\/wp\/v2\/media\/20022"}],"wp:attachment":[{"href":"https:\/\/skandiaahumados.es\/en\/wp-json\/wp\/v2\/media?parent=18915"}],"wp:term":[{"taxonomy":"product_brand","embeddable":true,"href":"https:\/\/skandiaahumados.es\/en\/wp-json\/wp\/v2\/product_brand?post=18915"},{"taxonomy":"product_cat","embeddable":true,"href":"https:\/\/skandiaahumados.es\/en\/wp-json\/wp\/v2\/product_cat?post=18915"},{"taxonomy":"product_tag","embeddable":true,"href":"https:\/\/skandiaahumados.es\/en\/wp-json\/wp\/v2\/product_tag?post=18915"}],"curies":[{"name":"wp","href":"https:\/\/api.w.org\/{rel}","templated":true}]}}