{"id":18903,"date":"2024-09-16T14:09:14","date_gmt":"2024-09-16T12:09:14","guid":{"rendered":"https:\/\/skandiaahumados.es\/?post_type=product&#038;p=18903"},"modified":"2026-04-25T03:41:05","modified_gmt":"2026-04-25T01:41:05","slug":"wild-red-smoked-salmon-msc-80g","status":"publish","type":"product","link":"https:\/\/skandiaahumados.es\/en\/product\/salmon-salvaje-rojo-ahumado-msc-80g\/","title":{"rendered":"Wild Red Smoked Salmon MSC 80g"},"content":{"rendered":"<p class=\"p1\">Our wild red salmon or smoked sockeye is one of our star products as it has hardly any fat, due to the fact that it travels thousands of kilometres throughout its life. Its exceptional flavour will not leave you indifferent and thanks to its MSC certificate, which guarantees sustainable fishing and respect for the environment, you will be able to create magnificent dishes while collaborating with the care of the oceans.<\/p>","protected":false},"excerpt":{"rendered":"<p>Nuestro salm\u00f3n salvaje rojo o Sockeye ahumado es uno de nuestros productos estrella ya que no posee apenas grasa, debido a que recorre miles de kil\u00f3metros a lo largo su vida. Su sabor excepcional no te dejar\u00e1 indiferente y gracias a su certificado MSC, que garantiza una pesca sostenible y respeto al medio ambiente podr\u00e1s [&hellip;]<\/p>\n","protected":false},"featured_media":20018,"comment_status":"closed","ping_status":"closed","template":"","meta":{"_acf_changed":false,"inline_featured_image":false},"product_brand":[],"product_cat":[29],"product_tag":[44],"class_list":{"0":"post-18903","1":"product","2":"type-product","3":"status-publish","4":"has-post-thumbnail","6":"product_cat-salmon","7":"product_tag-origenes","9":"first","10":"instock","11":"taxable","12":"shipping-taxable","13":"purchasable","14":"product-type-simple"},"acf":[],"yoast_head":"<!-- This site is optimized with the Yoast SEO plugin v27.3 - https:\/\/yoast.com\/product\/yoast-seo-wordpress\/ -->\n<title>Salm\u00f3n Salvaje Rojo Ahumado MSC 80g - Skandia Ahumados<\/title>\n<meta name=\"description\" content=\"Salm\u00f3n salvaje rojo o Sockeye Ahumado 80g, productos estrella ya que no posee apenas grasa. Sabor excepcional y con certificado MSC. Compra ahora\" \/>\n<meta name=\"robots\" content=\"index, follow, max-snippet:-1, max-image-preview:large, max-video-preview:-1\" \/>\n<link rel=\"canonical\" href=\"https:\/\/skandiaahumados.es\/en\/product\/wild-red-smoked-salmon-msc-80g\/\" \/>\n<meta property=\"og:locale\" content=\"en_GB\" \/>\n<meta property=\"og:type\" content=\"article\" \/>\n<meta property=\"og:title\" content=\"Salm\u00f3n Salvaje Rojo Ahumado MSC 80g - Skandia Ahumados\" \/>\n<meta property=\"og:description\" content=\"Salm\u00f3n salvaje rojo o Sockeye Ahumado 80g, productos estrella ya que no posee apenas grasa. Sabor excepcional y con certificado MSC. Compra ahora\" \/>\n<meta property=\"og:url\" content=\"https:\/\/skandiaahumados.es\/en\/product\/wild-red-smoked-salmon-msc-80g\/\" \/>\n<meta property=\"og:site_name\" content=\"Skandia Ahumados\" \/>\n<meta property=\"article:modified_time\" content=\"2026-04-25T01:41:05+00:00\" \/>\n<meta property=\"og:image\" content=\"http:\/\/skandiaahumados.es\/wp-content\/uploads\/2024\/09\/00_Destacada_Salmon-rojo-ahumado-MSC-80g-cabecera.jpg\" \/>\n\t<meta property=\"og:image:width\" content=\"775\" \/>\n\t<meta property=\"og:image:height\" content=\"577\" \/>\n\t<meta property=\"og:image:type\" content=\"image\/jpeg\" \/>\n<meta name=\"twitter:card\" content=\"summary_large_image\" \/>\n<meta name=\"twitter:label1\" content=\"Estimated reading time\" \/>\n\t<meta name=\"twitter:data1\" content=\"1 minute\" \/>\n<script type=\"application\/ld+json\" class=\"yoast-schema-graph\">{\"@context\":\"https:\\\/\\\/schema.org\",\"@graph\":[{\"@type\":\"WebPage\",\"@id\":\"https:\\\/\\\/skandiaahumados.es\\\/product\\\/salmon-salvaje-rojo-ahumado-msc-80g\\\/\",\"url\":\"https:\\\/\\\/skandiaahumados.es\\\/product\\\/salmon-salvaje-rojo-ahumado-msc-80g\\\/\",\"name\":\"Salm\u00f3n Salvaje Rojo Ahumado MSC 80g - Skandia Ahumados\",\"isPartOf\":{\"@id\":\"https:\\\/\\\/skandiaahumados.es\\\/#website\"},\"primaryImageOfPage\":{\"@id\":\"https:\\\/\\\/skandiaahumados.es\\\/product\\\/salmon-salvaje-rojo-ahumado-msc-80g\\\/#primaryimage\"},\"image\":{\"@id\":\"https:\\\/\\\/skandiaahumados.es\\\/product\\\/salmon-salvaje-rojo-ahumado-msc-80g\\\/#primaryimage\"},\"thumbnailUrl\":\"https:\\\/\\\/skandiaahumados.es\\\/wp-content\\\/uploads\\\/2024\\\/09\\\/00_Destacada_Salmon-rojo-ahumado-MSC-80g-cabecera.jpg\",\"datePublished\":\"2024-09-16T12:09:14+00:00\",\"dateModified\":\"2026-04-25T01:41:05+00:00\",\"description\":\"Salm\u00f3n salvaje rojo o Sockeye Ahumado 80g, productos estrella ya que no posee apenas grasa. Sabor excepcional y con certificado MSC. Compra ahora\",\"breadcrumb\":{\"@id\":\"https:\\\/\\\/skandiaahumados.es\\\/product\\\/salmon-salvaje-rojo-ahumado-msc-80g\\\/#breadcrumb\"},\"inLanguage\":\"en-GB\",\"potentialAction\":[{\"@type\":\"ReadAction\",\"target\":[\"https:\\\/\\\/skandiaahumados.es\\\/product\\\/salmon-salvaje-rojo-ahumado-msc-80g\\\/\"]}]},{\"@type\":\"ImageObject\",\"inLanguage\":\"en-GB\",\"@id\":\"https:\\\/\\\/skandiaahumados.es\\\/product\\\/salmon-salvaje-rojo-ahumado-msc-80g\\\/#primaryimage\",\"url\":\"https:\\\/\\\/skandiaahumados.es\\\/wp-content\\\/uploads\\\/2024\\\/09\\\/00_Destacada_Salmon-rojo-ahumado-MSC-80g-cabecera.jpg\",\"contentUrl\":\"https:\\\/\\\/skandiaahumados.es\\\/wp-content\\\/uploads\\\/2024\\\/09\\\/00_Destacada_Salmon-rojo-ahumado-MSC-80g-cabecera.jpg\",\"width\":775,\"height\":577},{\"@type\":\"BreadcrumbList\",\"@id\":\"https:\\\/\\\/skandiaahumados.es\\\/product\\\/salmon-salvaje-rojo-ahumado-msc-80g\\\/#breadcrumb\",\"itemListElement\":[{\"@type\":\"ListItem\",\"position\":1,\"name\":\"Portada\",\"item\":\"https:\\\/\\\/skandiaahumados.es\\\/\"},{\"@type\":\"ListItem\",\"position\":2,\"name\":\"Productos\",\"item\":\"https:\\\/\\\/skandiaahumados.es\\\/tienda\\\/\"},{\"@type\":\"ListItem\",\"position\":3,\"name\":\"Salm\u00f3n Salvaje Rojo Ahumado MSC 80g\"}]},{\"@type\":\"WebSite\",\"@id\":\"https:\\\/\\\/skandiaahumados.es\\\/#website\",\"url\":\"https:\\\/\\\/skandiaahumados.es\\\/\",\"name\":\"Skandia Ahumados\",\"description\":\"Donde est\u00e1 el mejor salm\u00f3n\",\"potentialAction\":[{\"@type\":\"SearchAction\",\"target\":{\"@type\":\"EntryPoint\",\"urlTemplate\":\"https:\\\/\\\/skandiaahumados.es\\\/?s={search_term_string}\"},\"query-input\":{\"@type\":\"PropertyValueSpecification\",\"valueRequired\":true,\"valueName\":\"search_term_string\"}}],\"inLanguage\":\"en-GB\"}]}<\/script>\n<!-- \/ Yoast SEO plugin. -->","yoast_head_json":{"title":"Wild Red Smoked Salmon MSC 80g - Skandia Smoked Salmon","description":"Wild Red Salmon or Smoked Sockeye 80g, star product as it has hardly any fat. Exceptional taste and MSC certified. Buy now","robots":{"index":"index","follow":"follow","max-snippet":"max-snippet:-1","max-image-preview":"max-image-preview:large","max-video-preview":"max-video-preview:-1"},"canonical":"https:\/\/skandiaahumados.es\/en\/product\/wild-red-smoked-salmon-msc-80g\/","og_locale":"en_GB","og_type":"article","og_title":"Salm\u00f3n Salvaje Rojo Ahumado MSC 80g - Skandia Ahumados","og_description":"Salm\u00f3n salvaje rojo o Sockeye Ahumado 80g, productos estrella ya que no posee apenas grasa. Sabor excepcional y con certificado MSC. Compra ahora","og_url":"https:\/\/skandiaahumados.es\/en\/product\/wild-red-smoked-salmon-msc-80g\/","og_site_name":"Skandia Ahumados","article_modified_time":"2026-04-25T01:41:05+00:00","og_image":[{"width":775,"height":577,"url":"http:\/\/skandiaahumados.es\/wp-content\/uploads\/2024\/09\/00_Destacada_Salmon-rojo-ahumado-MSC-80g-cabecera.jpg","type":"image\/jpeg"}],"twitter_card":"summary_large_image","twitter_misc":{"Estimated reading time":"1 minute"},"schema":{"@context":"https:\/\/schema.org","@graph":[{"@type":"WebPage","@id":"https:\/\/skandiaahumados.es\/product\/salmon-salvaje-rojo-ahumado-msc-80g\/","url":"https:\/\/skandiaahumados.es\/product\/salmon-salvaje-rojo-ahumado-msc-80g\/","name":"Wild Red Smoked Salmon MSC 80g - Skandia Smoked Salmon","isPartOf":{"@id":"https:\/\/skandiaahumados.es\/#website"},"primaryImageOfPage":{"@id":"https:\/\/skandiaahumados.es\/product\/salmon-salvaje-rojo-ahumado-msc-80g\/#primaryimage"},"image":{"@id":"https:\/\/skandiaahumados.es\/product\/salmon-salvaje-rojo-ahumado-msc-80g\/#primaryimage"},"thumbnailUrl":"https:\/\/skandiaahumados.es\/wp-content\/uploads\/2024\/09\/00_Destacada_Salmon-rojo-ahumado-MSC-80g-cabecera.jpg","datePublished":"2024-09-16T12:09:14+00:00","dateModified":"2026-04-25T01:41:05+00:00","description":"Wild Red Salmon or Smoked Sockeye 80g, star product as it has hardly any fat. Exceptional taste and MSC certified. Buy now","breadcrumb":{"@id":"https:\/\/skandiaahumados.es\/product\/salmon-salvaje-rojo-ahumado-msc-80g\/#breadcrumb"},"inLanguage":"en-GB","potentialAction":[{"@type":"ReadAction","target":["https:\/\/skandiaahumados.es\/product\/salmon-salvaje-rojo-ahumado-msc-80g\/"]}]},{"@type":"ImageObject","inLanguage":"en-GB","@id":"https:\/\/skandiaahumados.es\/product\/salmon-salvaje-rojo-ahumado-msc-80g\/#primaryimage","url":"https:\/\/skandiaahumados.es\/wp-content\/uploads\/2024\/09\/00_Destacada_Salmon-rojo-ahumado-MSC-80g-cabecera.jpg","contentUrl":"https:\/\/skandiaahumados.es\/wp-content\/uploads\/2024\/09\/00_Destacada_Salmon-rojo-ahumado-MSC-80g-cabecera.jpg","width":775,"height":577},{"@type":"BreadcrumbList","@id":"https:\/\/skandiaahumados.es\/product\/salmon-salvaje-rojo-ahumado-msc-80g\/#breadcrumb","itemListElement":[{"@type":"ListItem","position":1,"name":"Portada","item":"https:\/\/skandiaahumados.es\/"},{"@type":"ListItem","position":2,"name":"Productos","item":"https:\/\/skandiaahumados.es\/tienda\/"},{"@type":"ListItem","position":3,"name":"Salm\u00f3n Salvaje Rojo Ahumado MSC 80g"}]},{"@type":"WebSite","@id":"https:\/\/skandiaahumados.es\/#website","url":"https:\/\/skandiaahumados.es\/","name":"Skandia Smoked","description":"Where the best salmon is","potentialAction":[{"@type":"SearchAction","target":{"@type":"EntryPoint","urlTemplate":"https:\/\/skandiaahumados.es\/?s={search_term_string}"},"query-input":{"@type":"PropertyValueSpecification","valueRequired":true,"valueName":"search_term_string"}}],"inLanguage":"en-GB"}]}},"_links":{"self":[{"href":"https:\/\/skandiaahumados.es\/en\/wp-json\/wp\/v2\/product\/18903","targetHints":{"allow":["GET"]}}],"collection":[{"href":"https:\/\/skandiaahumados.es\/en\/wp-json\/wp\/v2\/product"}],"about":[{"href":"https:\/\/skandiaahumados.es\/en\/wp-json\/wp\/v2\/types\/product"}],"replies":[{"embeddable":true,"href":"https:\/\/skandiaahumados.es\/en\/wp-json\/wp\/v2\/comments?post=18903"}],"wp:featuredmedia":[{"embeddable":true,"href":"https:\/\/skandiaahumados.es\/en\/wp-json\/wp\/v2\/media\/20018"}],"wp:attachment":[{"href":"https:\/\/skandiaahumados.es\/en\/wp-json\/wp\/v2\/media?parent=18903"}],"wp:term":[{"taxonomy":"product_brand","embeddable":true,"href":"https:\/\/skandiaahumados.es\/en\/wp-json\/wp\/v2\/product_brand?post=18903"},{"taxonomy":"product_cat","embeddable":true,"href":"https:\/\/skandiaahumados.es\/en\/wp-json\/wp\/v2\/product_cat?post=18903"},{"taxonomy":"product_tag","embeddable":true,"href":"https:\/\/skandiaahumados.es\/en\/wp-json\/wp\/v2\/product_tag?post=18903"}],"curies":[{"name":"wp","href":"https:\/\/api.w.org\/{rel}","templated":true}]}}