{"id":18870,"date":"2024-09-12T11:43:05","date_gmt":"2024-09-12T09:43:05","guid":{"rendered":"https:\/\/skandiaahumados.es\/?post_type=product&#038;p=18870"},"modified":"2026-02-10T14:33:31","modified_gmt":"2026-02-10T13:33:31","slug":"norwegian-smoked-salmon-asc-400g","status":"publish","type":"product","link":"https:\/\/skandiaahumados.es\/en\/product\/salmon-noruego-ahumado-asc-400g\/","title":{"rendered":"Smoked Norwegian Salmon ASC 400g"},"content":{"rendered":"<p class=\"p1\">Our ASC Norwegian salmon is synonymous with guaranteed quality, where the smoking process always starts with fresh raw material. If you choose this seal, you can be sure that the salmon you are about to enjoy has been obtained using methods that minimise the social and environmental footprint of aquaculture.<\/p>","protected":false},"excerpt":{"rendered":"<p>Nuestro salm\u00f3n noruego con la categor\u00eda ASC es sin\u00f3nimo de calidad garantizada, en el que el proceso de ahumado parte siempre de materia prima fresca. Si eliges este sello te aseguras de que el salm\u00f3n que vas a disfrutar ha sido obtenido a trav\u00e9s de m\u00e9todos que minimizan la huella social y medioambiental de la [&hellip;]<\/p>\n","protected":false},"featured_media":19997,"comment_status":"closed","ping_status":"closed","template":"","meta":{"_acf_changed":false,"inline_featured_image":false},"product_brand":[],"product_cat":[29],"product_tag":[44],"class_list":{"0":"post-18870","1":"product","2":"type-product","3":"status-publish","4":"has-post-thumbnail","6":"product_cat-salmon","7":"product_tag-origenes","9":"first","10":"instock","11":"taxable","12":"shipping-taxable","13":"purchasable","14":"product-type-simple"},"acf":[],"yoast_head":"<!-- This site is optimized with the Yoast SEO plugin v27.3 - https:\/\/yoast.com\/product\/yoast-seo-wordpress\/ -->\n<title>Salm\u00f3n Noruego Ahumado ASC 400g - Skandia Ahumados<\/title>\n<meta name=\"description\" content=\"Disfruta del salm\u00f3n noruego ahumado 400 g de Skandia en lonchas listas para consumir, ahumado de forma tradicional con madera de haya y con sello ASC.\" \/>\n<meta name=\"robots\" content=\"index, follow, max-snippet:-1, max-image-preview:large, max-video-preview:-1\" \/>\n<link rel=\"canonical\" href=\"https:\/\/skandiaahumados.es\/en\/product\/norwegian-smoked-salmon-asc-400g\/\" \/>\n<meta property=\"og:locale\" content=\"en_GB\" \/>\n<meta property=\"og:type\" content=\"article\" \/>\n<meta property=\"og:title\" content=\"Salm\u00f3n Noruego Ahumado ASC 400g - Skandia Ahumados\" \/>\n<meta property=\"og:description\" content=\"Disfruta del salm\u00f3n noruego ahumado 400 g de Skandia en lonchas listas para consumir, ahumado de forma tradicional con madera de haya y con sello ASC.\" \/>\n<meta property=\"og:url\" content=\"https:\/\/skandiaahumados.es\/en\/product\/norwegian-smoked-salmon-asc-400g\/\" \/>\n<meta property=\"og:site_name\" content=\"Skandia Ahumados\" \/>\n<meta property=\"article:modified_time\" content=\"2026-02-10T13:33:31+00:00\" \/>\n<meta property=\"og:image\" content=\"http:\/\/skandiaahumados.es\/wp-content\/uploads\/2024\/09\/00_Destacada_Salmon-Noruego-Ahumado-ASC-400g-cabecera-2.jpg\" \/>\n\t<meta property=\"og:image:width\" content=\"775\" \/>\n\t<meta property=\"og:image:height\" content=\"577\" \/>\n\t<meta property=\"og:image:type\" content=\"image\/jpeg\" \/>\n<meta name=\"twitter:card\" content=\"summary_large_image\" \/>\n<meta name=\"twitter:label1\" content=\"Estimated reading time\" \/>\n\t<meta name=\"twitter:data1\" content=\"1 minute\" \/>\n<script type=\"application\/ld+json\" class=\"yoast-schema-graph\">{\"@context\":\"https:\\\/\\\/schema.org\",\"@graph\":[{\"@type\":\"WebPage\",\"@id\":\"https:\\\/\\\/skandiaahumados.es\\\/product\\\/salmon-noruego-ahumado-asc-400g\\\/\",\"url\":\"https:\\\/\\\/skandiaahumados.es\\\/product\\\/salmon-noruego-ahumado-asc-400g\\\/\",\"name\":\"Salm\u00f3n Noruego Ahumado ASC 400g - Skandia Ahumados\",\"isPartOf\":{\"@id\":\"https:\\\/\\\/skandiaahumados.es\\\/#website\"},\"primaryImageOfPage\":{\"@id\":\"https:\\\/\\\/skandiaahumados.es\\\/product\\\/salmon-noruego-ahumado-asc-400g\\\/#primaryimage\"},\"image\":{\"@id\":\"https:\\\/\\\/skandiaahumados.es\\\/product\\\/salmon-noruego-ahumado-asc-400g\\\/#primaryimage\"},\"thumbnailUrl\":\"https:\\\/\\\/skandiaahumados.es\\\/wp-content\\\/uploads\\\/2024\\\/09\\\/00_Destacada_Salmon-Noruego-Ahumado-ASC-400g-cabecera-2.jpg\",\"datePublished\":\"2024-09-12T09:43:05+00:00\",\"dateModified\":\"2026-02-10T13:33:31+00:00\",\"description\":\"Disfruta del salm\u00f3n noruego ahumado 400 g de Skandia en lonchas listas para consumir, ahumado de forma tradicional con madera de haya y con sello ASC.\",\"breadcrumb\":{\"@id\":\"https:\\\/\\\/skandiaahumados.es\\\/product\\\/salmon-noruego-ahumado-asc-400g\\\/#breadcrumb\"},\"inLanguage\":\"en-GB\",\"potentialAction\":[{\"@type\":\"ReadAction\",\"target\":[\"https:\\\/\\\/skandiaahumados.es\\\/product\\\/salmon-noruego-ahumado-asc-400g\\\/\"]}]},{\"@type\":\"ImageObject\",\"inLanguage\":\"en-GB\",\"@id\":\"https:\\\/\\\/skandiaahumados.es\\\/product\\\/salmon-noruego-ahumado-asc-400g\\\/#primaryimage\",\"url\":\"https:\\\/\\\/skandiaahumados.es\\\/wp-content\\\/uploads\\\/2024\\\/09\\\/00_Destacada_Salmon-Noruego-Ahumado-ASC-400g-cabecera-2.jpg\",\"contentUrl\":\"https:\\\/\\\/skandiaahumados.es\\\/wp-content\\\/uploads\\\/2024\\\/09\\\/00_Destacada_Salmon-Noruego-Ahumado-ASC-400g-cabecera-2.jpg\",\"width\":775,\"height\":577},{\"@type\":\"BreadcrumbList\",\"@id\":\"https:\\\/\\\/skandiaahumados.es\\\/product\\\/salmon-noruego-ahumado-asc-400g\\\/#breadcrumb\",\"itemListElement\":[{\"@type\":\"ListItem\",\"position\":1,\"name\":\"Portada\",\"item\":\"https:\\\/\\\/skandiaahumados.es\\\/\"},{\"@type\":\"ListItem\",\"position\":2,\"name\":\"Productos\",\"item\":\"https:\\\/\\\/skandiaahumados.es\\\/tienda\\\/\"},{\"@type\":\"ListItem\",\"position\":3,\"name\":\"Salm\u00f3n Noruego Ahumado ASC 400g\"}]},{\"@type\":\"WebSite\",\"@id\":\"https:\\\/\\\/skandiaahumados.es\\\/#website\",\"url\":\"https:\\\/\\\/skandiaahumados.es\\\/\",\"name\":\"Skandia Ahumados\",\"description\":\"Donde est\u00e1 el mejor salm\u00f3n\",\"potentialAction\":[{\"@type\":\"SearchAction\",\"target\":{\"@type\":\"EntryPoint\",\"urlTemplate\":\"https:\\\/\\\/skandiaahumados.es\\\/?s={search_term_string}\"},\"query-input\":{\"@type\":\"PropertyValueSpecification\",\"valueRequired\":true,\"valueName\":\"search_term_string\"}}],\"inLanguage\":\"en-GB\"}]}<\/script>\n<!-- \/ Yoast SEO plugin. -->","yoast_head_json":{"title":"Smoked Norwegian Salmon ASC 400g - Skandia Ahumados","description":"Enjoy Skandia's 400 g Norwegian smoked salmon in ready-to-eat slices, traditionally smoked with beechwood and ASC seal.","robots":{"index":"index","follow":"follow","max-snippet":"max-snippet:-1","max-image-preview":"max-image-preview:large","max-video-preview":"max-video-preview:-1"},"canonical":"https:\/\/skandiaahumados.es\/en\/product\/norwegian-smoked-salmon-asc-400g\/","og_locale":"en_GB","og_type":"article","og_title":"Salm\u00f3n Noruego Ahumado ASC 400g - Skandia Ahumados","og_description":"Disfruta del salm\u00f3n noruego ahumado 400 g de Skandia en lonchas listas para consumir, ahumado de forma tradicional con madera de haya y con sello ASC.","og_url":"https:\/\/skandiaahumados.es\/en\/product\/norwegian-smoked-salmon-asc-400g\/","og_site_name":"Skandia Ahumados","article_modified_time":"2026-02-10T13:33:31+00:00","og_image":[{"width":775,"height":577,"url":"http:\/\/skandiaahumados.es\/wp-content\/uploads\/2024\/09\/00_Destacada_Salmon-Noruego-Ahumado-ASC-400g-cabecera-2.jpg","type":"image\/jpeg"}],"twitter_card":"summary_large_image","twitter_misc":{"Estimated reading time":"1 minute"},"schema":{"@context":"https:\/\/schema.org","@graph":[{"@type":"WebPage","@id":"https:\/\/skandiaahumados.es\/product\/salmon-noruego-ahumado-asc-400g\/","url":"https:\/\/skandiaahumados.es\/product\/salmon-noruego-ahumado-asc-400g\/","name":"Smoked Norwegian Salmon ASC 400g - Skandia Ahumados","isPartOf":{"@id":"https:\/\/skandiaahumados.es\/#website"},"primaryImageOfPage":{"@id":"https:\/\/skandiaahumados.es\/product\/salmon-noruego-ahumado-asc-400g\/#primaryimage"},"image":{"@id":"https:\/\/skandiaahumados.es\/product\/salmon-noruego-ahumado-asc-400g\/#primaryimage"},"thumbnailUrl":"https:\/\/skandiaahumados.es\/wp-content\/uploads\/2024\/09\/00_Destacada_Salmon-Noruego-Ahumado-ASC-400g-cabecera-2.jpg","datePublished":"2024-09-12T09:43:05+00:00","dateModified":"2026-02-10T13:33:31+00:00","description":"Enjoy Skandia's 400 g Norwegian smoked salmon in ready-to-eat slices, traditionally smoked with beechwood and ASC seal.","breadcrumb":{"@id":"https:\/\/skandiaahumados.es\/product\/salmon-noruego-ahumado-asc-400g\/#breadcrumb"},"inLanguage":"en-GB","potentialAction":[{"@type":"ReadAction","target":["https:\/\/skandiaahumados.es\/product\/salmon-noruego-ahumado-asc-400g\/"]}]},{"@type":"ImageObject","inLanguage":"en-GB","@id":"https:\/\/skandiaahumados.es\/product\/salmon-noruego-ahumado-asc-400g\/#primaryimage","url":"https:\/\/skandiaahumados.es\/wp-content\/uploads\/2024\/09\/00_Destacada_Salmon-Noruego-Ahumado-ASC-400g-cabecera-2.jpg","contentUrl":"https:\/\/skandiaahumados.es\/wp-content\/uploads\/2024\/09\/00_Destacada_Salmon-Noruego-Ahumado-ASC-400g-cabecera-2.jpg","width":775,"height":577},{"@type":"BreadcrumbList","@id":"https:\/\/skandiaahumados.es\/product\/salmon-noruego-ahumado-asc-400g\/#breadcrumb","itemListElement":[{"@type":"ListItem","position":1,"name":"Portada","item":"https:\/\/skandiaahumados.es\/"},{"@type":"ListItem","position":2,"name":"Productos","item":"https:\/\/skandiaahumados.es\/tienda\/"},{"@type":"ListItem","position":3,"name":"Salm\u00f3n Noruego Ahumado ASC 400g"}]},{"@type":"WebSite","@id":"https:\/\/skandiaahumados.es\/#website","url":"https:\/\/skandiaahumados.es\/","name":"Skandia Smoked","description":"Where the best salmon is","potentialAction":[{"@type":"SearchAction","target":{"@type":"EntryPoint","urlTemplate":"https:\/\/skandiaahumados.es\/?s={search_term_string}"},"query-input":{"@type":"PropertyValueSpecification","valueRequired":true,"valueName":"search_term_string"}}],"inLanguage":"en-GB"}]}},"_links":{"self":[{"href":"https:\/\/skandiaahumados.es\/en\/wp-json\/wp\/v2\/product\/18870","targetHints":{"allow":["GET"]}}],"collection":[{"href":"https:\/\/skandiaahumados.es\/en\/wp-json\/wp\/v2\/product"}],"about":[{"href":"https:\/\/skandiaahumados.es\/en\/wp-json\/wp\/v2\/types\/product"}],"replies":[{"embeddable":true,"href":"https:\/\/skandiaahumados.es\/en\/wp-json\/wp\/v2\/comments?post=18870"}],"wp:featuredmedia":[{"embeddable":true,"href":"https:\/\/skandiaahumados.es\/en\/wp-json\/wp\/v2\/media\/19997"}],"wp:attachment":[{"href":"https:\/\/skandiaahumados.es\/en\/wp-json\/wp\/v2\/media?parent=18870"}],"wp:term":[{"taxonomy":"product_brand","embeddable":true,"href":"https:\/\/skandiaahumados.es\/en\/wp-json\/wp\/v2\/product_brand?post=18870"},{"taxonomy":"product_cat","embeddable":true,"href":"https:\/\/skandiaahumados.es\/en\/wp-json\/wp\/v2\/product_cat?post=18870"},{"taxonomy":"product_tag","embeddable":true,"href":"https:\/\/skandiaahumados.es\/en\/wp-json\/wp\/v2\/product_tag?post=18870"}],"curies":[{"name":"wp","href":"https:\/\/api.w.org\/{rel}","templated":true}]}}