{"id":484,"date":"2024-09-05T09:01:57","date_gmt":"2024-09-05T07:01:57","guid":{"rendered":"https:\/\/skandiaahumados.es\/?page_id=484"},"modified":"2024-09-05T09:02:40","modified_gmt":"2024-09-05T07:02:40","slug":"conditions-of-purchase","status":"publish","type":"page","link":"https:\/\/skandiaahumados.es\/en\/condiciones-de-compra\/","title":{"rendered":"Conditions of Purchase"},"content":{"rendered":"<p>Welcome to the Skandia Ahumados online shop where you can easily and securely buy our extensive range of smoked fish.&nbsp;<\/p>\n\n\n\n<p>Purchases made on this website will be delivered anywhere in Spain (Peninsula and Balearic Islands).<br>We do not ship to Ceuta, Melilla and the Canary Islands.<\/p>\n\n\n\n<h2 class=\"wp-block-heading\">Purchasing process<\/h2>\n\n\n\n<h3 class=\"wp-block-heading\">Prices<\/h3>\n\n\n\n<p>All prices are in Euros.<\/p>\n\n\n\n<p>The prices of the products on sale in our e-commerce shop include Value Added Tax (VAT).<\/p>\n\n\n\n<p>Purchases made by VAT taxpayers (companies, entities, organisations, etc.) resident in the European Union and holding an intra-Community VAT number will be exempt from paying VAT, as long as they send the aforementioned document to pedidos@vensy.es.&nbsp;<\/p>\n\n\n\n<p>The prices shown may be revised and modified due to typographical error or misprint, if conditions so require, at any time.<\/p>\n\n\n\n<p>The purchase system is subject to the legislation in force in Spain, therefore the sales operations will be understood to be carried out at the address of Vensy Espa\u00f1a S.A. at C\/ Ernest Hemingway, 30, 29004 M\u00e1laga, Spain.<\/p>\n\n\n\n<h3 class=\"wp-block-heading\">Purchasing process<\/h3>\n\n\n\n<p>To make purchases in our shop, you must register your personal data and choose a password. This will prevent you from having to fill them in again in the future. When you register on our server or place an order, your personal, address and payment details are added to our database and are only used to process your order and to send you information about offers and services that may be of interest to you. At any time you can modify your customer registration details (change of address, telephone number, etc.) or ask us to remind you of your password if you have forgotten it.<\/p>\n\n\n\n<p>Below we detail the purchase process, which is divided into 4 steps:<\/p>\n\n\n\n<ul class=\"wp-block-list\">\n<li><strong>Summary:\u00a0<\/strong>Once you have chosen your products, go to your \"Shopping cart\" which you will find in the top right-hand corner of the website. Select \"View cart\" and you will see a page with a summary of the order: products (description, reference), quantities, amount per product, shipping costs if any, total amount of your order.<br>In this section you can use coupons or discount codes if you have them. Once you have checked and confirmed everything, you must click on \"Finalise purchase\" to continue with the purchase process.<\/li>\n\n\n\n<li><strong>Contact information:\u00a0<\/strong>In the next step you must identify yourself in order to continue with the purchase. To do this, we will ask for information such as (name, surname and email). If you have an account, you must enter your email address and password for these data to be loaded.\u00a0<\/li>\n\n\n\n<li><strong>Address:\u00a0<\/strong>in this section you must select the delivery address, which can be different from the one you entered when registering your account. If it is a gift, if you want to send it to a second home or even if you want to send it to your office, you will have the possibility to add a new delivery address here.<br>Likewise, the billing address may be different from the delivery address. To do this, you must uncheck the box \"Use the same address for billing\", and you will have the option of entering different addresses, the shipping address and the billing address.<br>In this section you can leave any comments regarding the order, any clarification about the address, any preference regarding delivery or any other that you consider important.<\/li>\n\n\n\n<li><strong>Order summary:\u00a0<\/strong>in this section you will see a new summary of our products, and the shipping costs.<\/li>\n\n\n\n<li><strong>Payment:\u00a0<\/strong>We will pay for the order by credit card or Paypal, both equally secure methods. Finally we must read and accept the general conditions of sale to proceed with our purchase. Once the payment is accepted you will receive an email confirming your order.<\/li>\n<\/ul>\n\n\n\n<h2 class=\"wp-block-heading\">Payment and shipping<\/h2>\n\n\n\n<h3 class=\"wp-block-heading\">Secure payment<\/h3>\n\n\n\n<p><strong>You will be able to pay for your purchases<\/strong>&nbsp;with credit and debit cards&nbsp;<strong>VISA<\/strong>&nbsp;y&nbsp;<strong>MASTERCARD<\/strong>and also through&nbsp;<strong>PayPal<\/strong>. You can choose the method that is most convenient for you, both are equally safe.<\/p>\n\n\n\n<ul class=\"wp-block-list\">\n<li><strong>Payment gateway (POS) Redsys<\/strong>has a Secure Authentication System (SAS) and\u00a0<strong>3D Secure standards\u00a0<\/strong>which guarantee that your data cannot be intercepted by third parties at any time. Therefore, confidentiality is assured in all communications established during the transaction.<\/li>\n\n\n\n<li><strong>Paypal\u00a0<\/strong>is an Internet payment system that allows payments via debit card, credit card and bank account. It allows people with an email address to send and receive payments on the Internet in a secure, convenient and cost-effective way. Bank details or financial information will be safe thanks to an automatic encryption system, so that at no time can this information be intercepted by third parties.<\/li>\n<\/ul>\n\n\n\n<h3 class=\"wp-block-heading\">Shipping<\/h3>\n\n\n\n<p><strong>The delivery time<\/strong>&nbsp;is 24 hours for orders received before 13:00 h from Monday to Thursday (not Friday). The delivery time will depend on the delivery point, counting from the day the order is placed (if it is a working day in Spain); or counting from the first working day after the order date, if the order was placed on a public holiday, Friday or Saturday.<\/p>\n\n\n\n<p>The product will only be dispatched once payment has been received.<\/p>\n\n\n\n<p>Orders must be placed before 13:00 hours so that they can be prepared and shipped the same day. If the order is placed after this time, it will be shipped the following day.<\/p>\n\n\n\n<p>Orders will not be delivered to PO Boxes.<\/p>\n\n\n\n<h2 class=\"wp-block-heading\">Returns<\/h2>\n\n\n\n<p>See section&nbsp;<a href=\"http:\/\/skandiaahumados.es\/en\/devolucion\/\"><u>Return policy<\/u><\/a><a href=\"http:\/\/pol\/\" target=\"_blank\" rel=\"noreferrer noopener\">.<\/a><\/p>","protected":false},"excerpt":{"rendered":"<p>Bienvenido a la tienda online de Skandia Ahumados donde podr\u00e1 comprar de forma sencilla y segura nuestra extensa gama de pescados ahumados.&nbsp; Las compras realizadas en este sitio web ser\u00e1n entregadas en cualquier punto de Espa\u00f1a (Pen\u00ednsula y Baleares).No se realizan env\u00edos a Ceuta, Melilla y Canarias. Proceso de compra Precios Todos los precios est\u00e1n [&hellip;]<\/p>\n","protected":false},"author":7,"featured_media":0,"parent":0,"menu_order":0,"comment_status":"closed","ping_status":"closed","template":"page-legal.php","meta":{"_acf_changed":false,"inline_featured_image":false,"footnotes":""},"class_list":["post-484","page","type-page","status-publish","hentry"],"acf":[],"yoast_head":"<!-- This site is optimized with the Yoast SEO plugin v27.3 - https:\/\/yoast.com\/product\/yoast-seo-wordpress\/ -->\n<title>Condiciones de Compra - Skandia Ahumados<\/title>\n<meta name=\"robots\" content=\"index, follow, max-snippet:-1, max-image-preview:large, max-video-preview:-1\" \/>\n<link rel=\"canonical\" href=\"https:\/\/skandiaahumados.es\/en\/conditions-of-purchase\/\" \/>\n<meta property=\"og:locale\" content=\"en_GB\" \/>\n<meta property=\"og:type\" content=\"article\" \/>\n<meta property=\"og:title\" content=\"Condiciones de Compra - Skandia Ahumados\" \/>\n<meta property=\"og:description\" content=\"Bienvenido a la tienda online de Skandia Ahumados donde podr\u00e1 comprar de forma sencilla y segura nuestra extensa gama de pescados ahumados.&nbsp; Las compras realizadas en este sitio web ser\u00e1n entregadas en cualquier punto de Espa\u00f1a (Pen\u00ednsula y Baleares).No se realizan env\u00edos a Ceuta, Melilla y Canarias. Proceso de compra Precios Todos los precios est\u00e1n [&hellip;]\" \/>\n<meta property=\"og:url\" content=\"https:\/\/skandiaahumados.es\/en\/conditions-of-purchase\/\" \/>\n<meta property=\"og:site_name\" content=\"Skandia Ahumados\" \/>\n<meta property=\"article:modified_time\" content=\"2024-09-05T07:02:40+00:00\" \/>\n<meta name=\"twitter:card\" content=\"summary_large_image\" \/>\n<meta name=\"twitter:label1\" content=\"Estimated reading time\" \/>\n\t<meta name=\"twitter:data1\" content=\"5 minutes\" \/>\n<script type=\"application\/ld+json\" class=\"yoast-schema-graph\">{\"@context\":\"https:\\\/\\\/schema.org\",\"@graph\":[{\"@type\":\"WebPage\",\"@id\":\"https:\\\/\\\/skandiaahumados.es\\\/condiciones-de-compra\\\/\",\"url\":\"https:\\\/\\\/skandiaahumados.es\\\/condiciones-de-compra\\\/\",\"name\":\"Condiciones de Compra - Skandia Ahumados\",\"isPartOf\":{\"@id\":\"https:\\\/\\\/skandiaahumados.es\\\/#website\"},\"datePublished\":\"2024-09-05T07:01:57+00:00\",\"dateModified\":\"2024-09-05T07:02:40+00:00\",\"breadcrumb\":{\"@id\":\"https:\\\/\\\/skandiaahumados.es\\\/condiciones-de-compra\\\/#breadcrumb\"},\"inLanguage\":\"en-GB\",\"potentialAction\":[{\"@type\":\"ReadAction\",\"target\":[\"https:\\\/\\\/skandiaahumados.es\\\/condiciones-de-compra\\\/\"]}]},{\"@type\":\"BreadcrumbList\",\"@id\":\"https:\\\/\\\/skandiaahumados.es\\\/condiciones-de-compra\\\/#breadcrumb\",\"itemListElement\":[{\"@type\":\"ListItem\",\"position\":1,\"name\":\"Portada\",\"item\":\"https:\\\/\\\/skandiaahumados.es\\\/\"},{\"@type\":\"ListItem\",\"position\":2,\"name\":\"Condiciones de Compra\"}]},{\"@type\":\"WebSite\",\"@id\":\"https:\\\/\\\/skandiaahumados.es\\\/#website\",\"url\":\"https:\\\/\\\/skandiaahumados.es\\\/\",\"name\":\"Skandia Ahumados\",\"description\":\"Donde est\u00e1 el mejor salm\u00f3n\",\"potentialAction\":[{\"@type\":\"SearchAction\",\"target\":{\"@type\":\"EntryPoint\",\"urlTemplate\":\"https:\\\/\\\/skandiaahumados.es\\\/?s={search_term_string}\"},\"query-input\":{\"@type\":\"PropertyValueSpecification\",\"valueRequired\":true,\"valueName\":\"search_term_string\"}}],\"inLanguage\":\"en-GB\"}]}<\/script>\n<!-- \/ Yoast SEO plugin. -->","yoast_head_json":{"title":"Conditions of Purchase - Skandia Ahumados","robots":{"index":"index","follow":"follow","max-snippet":"max-snippet:-1","max-image-preview":"max-image-preview:large","max-video-preview":"max-video-preview:-1"},"canonical":"https:\/\/skandiaahumados.es\/en\/conditions-of-purchase\/","og_locale":"en_GB","og_type":"article","og_title":"Condiciones de Compra - Skandia Ahumados","og_description":"Bienvenido a la tienda online de Skandia Ahumados donde podr\u00e1 comprar de forma sencilla y segura nuestra extensa gama de pescados ahumados.&nbsp; Las compras realizadas en este sitio web ser\u00e1n entregadas en cualquier punto de Espa\u00f1a (Pen\u00ednsula y Baleares).No se realizan env\u00edos a Ceuta, Melilla y Canarias. Proceso de compra Precios Todos los precios est\u00e1n [&hellip;]","og_url":"https:\/\/skandiaahumados.es\/en\/conditions-of-purchase\/","og_site_name":"Skandia Ahumados","article_modified_time":"2024-09-05T07:02:40+00:00","twitter_card":"summary_large_image","twitter_misc":{"Estimated reading time":"5 minutes"},"schema":{"@context":"https:\/\/schema.org","@graph":[{"@type":"WebPage","@id":"https:\/\/skandiaahumados.es\/condiciones-de-compra\/","url":"https:\/\/skandiaahumados.es\/condiciones-de-compra\/","name":"Conditions of Purchase - Skandia Ahumados","isPartOf":{"@id":"https:\/\/skandiaahumados.es\/#website"},"datePublished":"2024-09-05T07:01:57+00:00","dateModified":"2024-09-05T07:02:40+00:00","breadcrumb":{"@id":"https:\/\/skandiaahumados.es\/condiciones-de-compra\/#breadcrumb"},"inLanguage":"en-GB","potentialAction":[{"@type":"ReadAction","target":["https:\/\/skandiaahumados.es\/condiciones-de-compra\/"]}]},{"@type":"BreadcrumbList","@id":"https:\/\/skandiaahumados.es\/condiciones-de-compra\/#breadcrumb","itemListElement":[{"@type":"ListItem","position":1,"name":"Portada","item":"https:\/\/skandiaahumados.es\/"},{"@type":"ListItem","position":2,"name":"Condiciones de Compra"}]},{"@type":"WebSite","@id":"https:\/\/skandiaahumados.es\/#website","url":"https:\/\/skandiaahumados.es\/","name":"Skandia Smoked","description":"Where the best salmon is","potentialAction":[{"@type":"SearchAction","target":{"@type":"EntryPoint","urlTemplate":"https:\/\/skandiaahumados.es\/?s={search_term_string}"},"query-input":{"@type":"PropertyValueSpecification","valueRequired":true,"valueName":"search_term_string"}}],"inLanguage":"en-GB"}]}},"_links":{"self":[{"href":"https:\/\/skandiaahumados.es\/en\/wp-json\/wp\/v2\/pages\/484","targetHints":{"allow":["GET"]}}],"collection":[{"href":"https:\/\/skandiaahumados.es\/en\/wp-json\/wp\/v2\/pages"}],"about":[{"href":"https:\/\/skandiaahumados.es\/en\/wp-json\/wp\/v2\/types\/page"}],"author":[{"embeddable":true,"href":"https:\/\/skandiaahumados.es\/en\/wp-json\/wp\/v2\/users\/7"}],"replies":[{"embeddable":true,"href":"https:\/\/skandiaahumados.es\/en\/wp-json\/wp\/v2\/comments?post=484"}],"version-history":[{"count":3,"href":"https:\/\/skandiaahumados.es\/en\/wp-json\/wp\/v2\/pages\/484\/revisions"}],"predecessor-version":[{"id":488,"href":"https:\/\/skandiaahumados.es\/en\/wp-json\/wp\/v2\/pages\/484\/revisions\/488"}],"wp:attachment":[{"href":"https:\/\/skandiaahumados.es\/en\/wp-json\/wp\/v2\/media?parent=484"}],"curies":[{"name":"wp","href":"https:\/\/api.w.org\/{rel}","templated":true}]}}