{"id":477,"date":"2024-09-05T08:55:46","date_gmt":"2024-09-05T06:55:46","guid":{"rendered":"https:\/\/skandiaahumados.es\/?page_id=477"},"modified":"2024-09-05T08:55:46","modified_gmt":"2024-09-05T06:55:46","slug":"legal-notice","status":"publish","type":"page","link":"https:\/\/skandiaahumados.es\/en\/aviso-legal\/","title":{"rendered":"Legal Notice"},"content":{"rendered":"<p>The present Conditions of Use regulate the use of the website skandiaahumados.es, property of Vensy Espa\u00f1a, S.A. located at c\/Ernest Hemingway, 30 29004 M\u00e1laga with NIF-A95063962, telephone +34 952 23 80 40 and e-mail address comercial@vensy.es.<\/p>\n\n\n\n<p>Browsing the skandiaahumados.es website confers the condition of user of the same and implies full and unreserved acceptance of the conditions of use that Vensy Espa\u00f1a, S.A. may modify in the future.<\/p>\n\n\n\n<p>The user undertakes to make correct use of the website in accordance with the law, good faith, public order, traffic uses and these Terms of Use.<\/p>\n\n\n\n<p>The User shall be liable to Vensy Espa\u00f1a, S.A. or to third parties for any damages that may be caused as a result of non-compliance with this obligation.<\/p>\n\n\n\n<h2 class=\"wp-block-heading\">Exemption from liability<\/h2>\n\n\n\n<p>Under no circumstances shall Vensy Espa\u00f1a, S.A. be liable for any direct or indirect damage, economic loss, loss of customers or loss of profits, resulting from the use of skandiaahumados.es or the links included in said website.<\/p>\n\n\n\n<h2 class=\"wp-block-heading\">Copyright<\/h2>\n\n\n\n<p>The skandiaahumados.es website, or any part of it, may not be reproduced, duplicated, copied, sold, resold or exploited for any commercial or other purpose that is not expressly permitted by Vensy Espa\u00f1a, S.A.<\/p>\n\n\n\n<p>Modification of the materials or use of the materials for purposes other than browsing by the user constitutes an infringement of copyright and other trademark rights.<\/p>\n\n\n\n<h2 class=\"wp-block-heading\">Conditions of use<\/h2>\n\n\n\n<ul class=\"wp-block-list\">\n<li>Use of the skandiaahumados.es website is governed by the rules set out in this legal notice. By using it, you accept the conditions of use.<\/li>\n\n\n\n<li>skandiaahumados.es and all its material belong to the company Vensy Espa\u00f1a, S.A. with registered office at c\/Ernest Hemingway, 30 29004 M\u00e1laga.<\/li>\n\n\n\n<li>The skandiaahumados.es website, or any part of it, may not be reproduced, duplicated, copied, sold, resold or exploited for any commercial or other purpose that is not expressly permitted by our company.<\/li>\n\n\n\n<li>Modification of the materials or use of the materials for any other purpose is a violation of copyright and other trademark rights.<\/li>\n\n\n\n<li>For legal reasons, Vensy Espa\u00f1a, S.A. can and must provide any information required to the competent authorities in accordance with Spanish law in the event of a court order, which is only given when a judge has a firm suspicion that the user has carried out illegal activities. Under this assumption, and with the intention of collaborating with the justice system, Vensy Espa\u00f1a, S.A. may record and subsequently provide the police, upon presentation of the legally required court order, with information relating to the IP address that identifies the user's connection, as well as the exact time of connection, user names and passwords, among other data. In any case, IP addresses and connection times are only recorded for those services where it is suspected that a user may be making illegal use of them.<\/li>\n<\/ul>\n\n\n\n<h2 class=\"wp-block-heading\">Collaboration with authorities<\/h2>\n\n\n\n<p>For legal reasons, Vensy Espa\u00f1a, S.A. can and must provide any information required to the competent authorities in accordance with Spanish law. Under this assumption, and with the intention of collaborating with the justice system, Vensy Espa\u00f1a, S.A. may record and subsequently provide the authorities with information relating to the IP address that identifies the user's connection, as well as the exact time of connection, user names and passwords, among other data.<\/p>\n\n\n\n<p><a href=\"http:\/\/skandiaahumados.es\/en\/politica-cookies\/\">Cookies policy<\/a>&nbsp; |&nbsp;&nbsp;<a href=\"http:\/\/skandiaahumados.es\/en\/privacy-policy\/\">Privacy Policy<\/a>&nbsp;&nbsp;<\/p>","protected":false},"excerpt":{"rendered":"<p>Las presentes Condiciones de Uso regulan la utilizaci\u00f3n del sitio web skandiaahumados.es, propiedad de Vensy Espa\u00f1a, S.A. sito en c\/Ernest Hemingway, 30 29004 M\u00e1laga con NIF-A95063962, tel\u00e9fono +34 952 23 80 40 y direcci\u00f3n de correo electr\u00f3nico comercial@vensy.es. La navegaci\u00f3n por el sitio web skandiaahumados.es atribuye la condici\u00f3n de usuario del mismo e implica la [&hellip;]<\/p>\n","protected":false},"author":7,"featured_media":0,"parent":0,"menu_order":0,"comment_status":"closed","ping_status":"closed","template":"page-legal.php","meta":{"_acf_changed":false,"inline_featured_image":false,"footnotes":""},"class_list":["post-477","page","type-page","status-publish","hentry"],"acf":[],"yoast_head":"<!-- This site is optimized with the Yoast SEO plugin v27.3 - https:\/\/yoast.com\/product\/yoast-seo-wordpress\/ -->\n<title>Aviso Legal - Skandia Ahumados<\/title>\n<meta name=\"robots\" content=\"index, follow, max-snippet:-1, max-image-preview:large, max-video-preview:-1\" \/>\n<link rel=\"canonical\" href=\"https:\/\/skandiaahumados.es\/en\/legal-notice\/\" \/>\n<meta property=\"og:locale\" content=\"en_GB\" \/>\n<meta property=\"og:type\" content=\"article\" \/>\n<meta property=\"og:title\" content=\"Aviso Legal - Skandia Ahumados\" \/>\n<meta property=\"og:description\" content=\"Las presentes Condiciones de Uso regulan la utilizaci\u00f3n del sitio web skandiaahumados.es, propiedad de Vensy Espa\u00f1a, S.A. sito en c\/Ernest Hemingway, 30 29004 M\u00e1laga con NIF-A95063962, tel\u00e9fono +34 952 23 80 40 y direcci\u00f3n de correo electr\u00f3nico comercial@vensy.es. La navegaci\u00f3n por el sitio web skandiaahumados.es atribuye la condici\u00f3n de usuario del mismo e implica la [&hellip;]\" \/>\n<meta property=\"og:url\" content=\"https:\/\/skandiaahumados.es\/en\/legal-notice\/\" \/>\n<meta property=\"og:site_name\" content=\"Skandia Ahumados\" \/>\n<meta name=\"twitter:card\" content=\"summary_large_image\" \/>\n<meta name=\"twitter:label1\" content=\"Estimated reading time\" \/>\n\t<meta name=\"twitter:data1\" content=\"3 minutes\" \/>\n<script type=\"application\/ld+json\" class=\"yoast-schema-graph\">{\"@context\":\"https:\\\/\\\/schema.org\",\"@graph\":[{\"@type\":\"WebPage\",\"@id\":\"https:\\\/\\\/skandiaahumados.es\\\/aviso-legal\\\/\",\"url\":\"https:\\\/\\\/skandiaahumados.es\\\/aviso-legal\\\/\",\"name\":\"Aviso Legal - Skandia Ahumados\",\"isPartOf\":{\"@id\":\"https:\\\/\\\/skandiaahumados.es\\\/#website\"},\"datePublished\":\"2024-09-05T06:55:46+00:00\",\"breadcrumb\":{\"@id\":\"https:\\\/\\\/skandiaahumados.es\\\/aviso-legal\\\/#breadcrumb\"},\"inLanguage\":\"en-GB\",\"potentialAction\":[{\"@type\":\"ReadAction\",\"target\":[\"https:\\\/\\\/skandiaahumados.es\\\/aviso-legal\\\/\"]}]},{\"@type\":\"BreadcrumbList\",\"@id\":\"https:\\\/\\\/skandiaahumados.es\\\/aviso-legal\\\/#breadcrumb\",\"itemListElement\":[{\"@type\":\"ListItem\",\"position\":1,\"name\":\"Portada\",\"item\":\"https:\\\/\\\/skandiaahumados.es\\\/\"},{\"@type\":\"ListItem\",\"position\":2,\"name\":\"Aviso Legal\"}]},{\"@type\":\"WebSite\",\"@id\":\"https:\\\/\\\/skandiaahumados.es\\\/#website\",\"url\":\"https:\\\/\\\/skandiaahumados.es\\\/\",\"name\":\"Skandia Ahumados\",\"description\":\"Donde est\u00e1 el mejor salm\u00f3n\",\"potentialAction\":[{\"@type\":\"SearchAction\",\"target\":{\"@type\":\"EntryPoint\",\"urlTemplate\":\"https:\\\/\\\/skandiaahumados.es\\\/?s={search_term_string}\"},\"query-input\":{\"@type\":\"PropertyValueSpecification\",\"valueRequired\":true,\"valueName\":\"search_term_string\"}}],\"inLanguage\":\"en-GB\"}]}<\/script>\n<!-- \/ Yoast SEO plugin. -->","yoast_head_json":{"title":"Legal Notice - Skandia Ahumados","robots":{"index":"index","follow":"follow","max-snippet":"max-snippet:-1","max-image-preview":"max-image-preview:large","max-video-preview":"max-video-preview:-1"},"canonical":"https:\/\/skandiaahumados.es\/en\/legal-notice\/","og_locale":"en_GB","og_type":"article","og_title":"Aviso Legal - Skandia Ahumados","og_description":"Las presentes Condiciones de Uso regulan la utilizaci\u00f3n del sitio web skandiaahumados.es, propiedad de Vensy Espa\u00f1a, S.A. sito en c\/Ernest Hemingway, 30 29004 M\u00e1laga con NIF-A95063962, tel\u00e9fono +34 952 23 80 40 y direcci\u00f3n de correo electr\u00f3nico comercial@vensy.es. La navegaci\u00f3n por el sitio web skandiaahumados.es atribuye la condici\u00f3n de usuario del mismo e implica la [&hellip;]","og_url":"https:\/\/skandiaahumados.es\/en\/legal-notice\/","og_site_name":"Skandia Ahumados","twitter_card":"summary_large_image","twitter_misc":{"Estimated reading time":"3 minutes"},"schema":{"@context":"https:\/\/schema.org","@graph":[{"@type":"WebPage","@id":"https:\/\/skandiaahumados.es\/aviso-legal\/","url":"https:\/\/skandiaahumados.es\/aviso-legal\/","name":"Legal Notice - Skandia Ahumados","isPartOf":{"@id":"https:\/\/skandiaahumados.es\/#website"},"datePublished":"2024-09-05T06:55:46+00:00","breadcrumb":{"@id":"https:\/\/skandiaahumados.es\/aviso-legal\/#breadcrumb"},"inLanguage":"en-GB","potentialAction":[{"@type":"ReadAction","target":["https:\/\/skandiaahumados.es\/aviso-legal\/"]}]},{"@type":"BreadcrumbList","@id":"https:\/\/skandiaahumados.es\/aviso-legal\/#breadcrumb","itemListElement":[{"@type":"ListItem","position":1,"name":"Portada","item":"https:\/\/skandiaahumados.es\/"},{"@type":"ListItem","position":2,"name":"Aviso Legal"}]},{"@type":"WebSite","@id":"https:\/\/skandiaahumados.es\/#website","url":"https:\/\/skandiaahumados.es\/","name":"Skandia Smoked","description":"Where the best salmon is","potentialAction":[{"@type":"SearchAction","target":{"@type":"EntryPoint","urlTemplate":"https:\/\/skandiaahumados.es\/?s={search_term_string}"},"query-input":{"@type":"PropertyValueSpecification","valueRequired":true,"valueName":"search_term_string"}}],"inLanguage":"en-GB"}]}},"_links":{"self":[{"href":"https:\/\/skandiaahumados.es\/en\/wp-json\/wp\/v2\/pages\/477","targetHints":{"allow":["GET"]}}],"collection":[{"href":"https:\/\/skandiaahumados.es\/en\/wp-json\/wp\/v2\/pages"}],"about":[{"href":"https:\/\/skandiaahumados.es\/en\/wp-json\/wp\/v2\/types\/page"}],"author":[{"embeddable":true,"href":"https:\/\/skandiaahumados.es\/en\/wp-json\/wp\/v2\/users\/7"}],"replies":[{"embeddable":true,"href":"https:\/\/skandiaahumados.es\/en\/wp-json\/wp\/v2\/comments?post=477"}],"version-history":[{"count":1,"href":"https:\/\/skandiaahumados.es\/en\/wp-json\/wp\/v2\/pages\/477\/revisions"}],"predecessor-version":[{"id":479,"href":"https:\/\/skandiaahumados.es\/en\/wp-json\/wp\/v2\/pages\/477\/revisions\/479"}],"wp:attachment":[{"href":"https:\/\/skandiaahumados.es\/en\/wp-json\/wp\/v2\/media?parent=477"}],"curies":[{"name":"wp","href":"https:\/\/api.w.org\/{rel}","templated":true}]}}